{"id":172756,"date":"2026-02-12T18:36:32","date_gmt":"2026-02-12T17:36:32","guid":{"rendered":"https:\/\/cityrenovation.be\/algemene-voorwaarden\/"},"modified":"2026-03-09T10:30:46","modified_gmt":"2026-03-09T09:30:46","slug":"algemene-voorwaarden","status":"publish","type":"page","link":"https:\/\/cityrenovation.be\/nl\/algemene-voorwaarden\/","title":{"rendered":"Algemene voorwaarden"},"content":{"rendered":"<div class=\"wpb-content-wrapper\"><p>[vc_row][vc_column width=&#8221;1\/1&#8243;][vc_column_text uncode_shortcode_id=&#8221;613089&#8243;]Algemene Voorwaarden \u2013 City Renovation SRL<\/p>\n<p>1. Algemene informatie<\/p>\n<p>De vennootschap City Renovation SRL, met maatschappelijke zetel te Avenue Paul De Merten 45, 1090 Jette \u2013 Belgi\u00eb, ingeschreven bij de KBO onder nummer BE 0685.440.008, biedt diensten aan op het gebied van bouw, renovatie en verbouwing van gebouwen, zowel binnen als buiten.<\/p>\n<p>2. Toepassingsgebied<\/p>\n<p>Deze algemene voorwaarden zijn van toepassing op alle offertes, aanbiedingen, werkzaamheden en diensten uitgevoerd door City Renovation SRL. Elke bestelling impliceert de volledige aanvaarding van deze voorwaarden door de klant.<\/p>\n<p>3. Offertes &amp; bestellingen<\/p>\n<p>Offertes zijn gratis, tenzij anders vermeld, en blijven 30 dagen geldig.<\/p>\n<p>De bestelling wordt definitief na ondertekening van de offerte met vermelding \u201cVoor akkoord\u201d. City Renovation SRL behoudt zich het recht voor een voorschot te vragen v\u00f3\u00f3r de aanvang van de werken.<\/p>\n<p>4. Prijzen &amp; betalingen<\/p>\n<p>De prijzen worden uitgedrukt in euro, exclusief btw tenzij anders vermeld.<\/p>\n<p>Facturen zijn contant betaalbaar, tenzij anders overeengekomen.<\/p>\n<p>Bij laattijdige betaling worden nalatigheidsinteresten en een forfaitaire schadevergoeding aangerekend conform de Belgische wetgeving.<\/p>\n<p>5. Uitvoeringstermijnen<\/p>\n<p>De opgegeven termijnen zijn indicatief.<\/p>\n<p>Vertraging kan geen aanleiding geven tot schadevergoeding, tenzij schriftelijk anders overeengekomen.<\/p>\n<p>Vertragingen veroorzaakt door weersomstandigheden, leveranciers of overmacht kunnen niet aan de onderneming worden toegeschreven.<\/p>\n<p>6. Uitvoering van de werken<\/p>\n<p>De werken worden uitgevoerd volgens de regels van het vak.<\/p>\n<p>De klant verbindt zich ertoe de toegang tot de werf te garanderen en de nodige aansluitingen (water, elektriciteit) ter beschikking te stellen.<\/p>\n<p>7. Oplevering van de werken<\/p>\n<p>De oplevering van de werken, uitdrukkelijk of stilzwijgend, geldt als aanvaarding.<\/p>\n<p>Eventuele opmerkingen of voorbehouden moeten binnen een termijn van 7 dagen schriftelijk worden gemeld.<\/p>\n<p>8. Garantie<\/p>\n<p>De uitgevoerde werken vallen onder de wettelijke garanties die van kracht zijn in Belgi\u00eb.<\/p>\n<p>De garantie geldt niet voor normale slijtage, slecht onderhoud of wijzigingen uitgevoerd door derden.<\/p>\n<p>9. Aansprakelijkheid<\/p>\n<p>City Renovation SRL kan niet aansprakelijk worden gesteld voor indirecte schade of schade die voortvloeit uit oneigenlijk gebruik van de installaties.<\/p>\n<p>10. Annulering<\/p>\n<p>Bij annulering van een bestelling door de klant zijn de reeds gemaakte kosten en uitgevoerde werken verschuldigd.<\/p>\n<p>Een schadevergoeding kan worden toegepast.<\/p>\n<p>11. Geschillen &amp; bevoegde rechtbank<\/p>\n<p>Bij een geschil zal eerst geprobeerd worden een minnelijke oplossing te vinden.<\/p>\n<p>Bij gebrek daaraan zijn enkel de rechtbanken van het arrondissement Brussel bevoegd.<\/p>\n<p>12. Persoonsgegevens<\/p>\n<p>De verzamelde gegevens worden uitsluitend gebruikt in het kader van de commerci\u00eble relatie en worden nooit doorverkocht.[\/vc_column_text][\/vc_column][\/vc_row]<\/p>\n<\/div>","protected":false},"excerpt":{"rendered":"<p>[vc_row][vc_column width=&#8221;1\/1&#8243;][vc_column_text uncode_shortcode_id=&#8221;613089&#8243;]Algemene Voorwaarden \u2013 City Renovation SRL 1. Algemene informatie De vennootschap City Renovation SRL, met maatschappelijke zetel te [&hellip;]<\/p>\n","protected":false},"author":1,"featured_media":0,"parent":0,"menu_order":0,"comment_status":"closed","ping_status":"closed","template":"","meta":{"footnotes":""},"class_list":["post-172756","page","type-page","status-publish","hentry"],"yoast_head":"<!-- This site is optimized with the Yoast SEO plugin v27.3 - https:\/\/yoast.com\/product\/yoast-seo-wordpress\/ -->\n<title>Algemene voorwaarden - City R\u00e9novation<\/title>\n<meta name=\"robots\" content=\"index, follow, max-snippet:-1, max-image-preview:large, max-video-preview:-1\" \/>\n<link rel=\"canonical\" href=\"https:\/\/cityrenovation.be\/conditions-generales\/\" \/>\n<meta property=\"og:locale\" content=\"nl_NL\" \/>\n<meta property=\"og:type\" content=\"article\" \/>\n<meta property=\"og:title\" content=\"Algemene voorwaarden - City R\u00e9novation\" \/>\n<meta property=\"og:description\" content=\"[vc_row][vc_column width=&#8221;1\/1&#8243;][vc_column_text uncode_shortcode_id=&#8221;613089&#8243;]Algemene Voorwaarden \u2013 City Renovation SRL 1. Algemene informatie De vennootschap City Renovation SRL, met maatschappelijke zetel te [&hellip;]\" \/>\n<meta property=\"og:url\" content=\"https:\/\/cityrenovation.be\/conditions-generales\/\" \/>\n<meta property=\"og:site_name\" content=\"City R\u00e9novation\" \/>\n<meta property=\"article:publisher\" content=\"https:\/\/www.facebook.com\/profile.php?id=61588216913664\" \/>\n<meta property=\"article:modified_time\" content=\"2026-03-09T09:30:46+00:00\" \/>\n<meta name=\"twitter:card\" content=\"summary_large_image\" \/>\n<meta name=\"twitter:label1\" content=\"Geschatte leestijd\" \/>\n\t<meta name=\"twitter:data1\" content=\"2 minuten\" \/>\n<script type=\"application\/ld+json\" class=\"yoast-schema-graph\">{\"@context\":\"https:\\\/\\\/schema.org\",\"@graph\":[{\"@type\":\"WebPage\",\"@id\":\"https:\\\/\\\/cityrenovation.be\\\/conditions-generales\\\/\",\"url\":\"https:\\\/\\\/cityrenovation.be\\\/conditions-generales\\\/\",\"name\":\"Algemene voorwaarden - City R\u00e9novation\",\"isPartOf\":{\"@id\":\"https:\\\/\\\/cityrenovation.be\\\/#website\"},\"datePublished\":\"2026-02-12T17:36:32+00:00\",\"dateModified\":\"2026-03-09T09:30:46+00:00\",\"breadcrumb\":{\"@id\":\"https:\\\/\\\/cityrenovation.be\\\/conditions-generales\\\/#breadcrumb\"},\"inLanguage\":\"nl-NL\",\"potentialAction\":[{\"@type\":\"ReadAction\",\"target\":[\"https:\\\/\\\/cityrenovation.be\\\/conditions-generales\\\/\"]}]},{\"@type\":\"BreadcrumbList\",\"@id\":\"https:\\\/\\\/cityrenovation.be\\\/conditions-generales\\\/#breadcrumb\",\"itemListElement\":[{\"@type\":\"ListItem\",\"position\":1,\"name\":\"Accueil\",\"item\":\"https:\\\/\\\/cityrenovation.be\\\/nl\\\/\"},{\"@type\":\"ListItem\",\"position\":2,\"name\":\"Algemene voorwaarden\"}]},{\"@type\":\"WebSite\",\"@id\":\"https:\\\/\\\/cityrenovation.be\\\/#website\",\"url\":\"https:\\\/\\\/cityrenovation.be\\\/\",\"name\":\"City R\u00e9novation\",\"description\":\"Entreprise g\u00e9n\u00e9rale du b\u00e2timent\",\"publisher\":{\"@id\":\"https:\\\/\\\/cityrenovation.be\\\/#organization\"},\"potentialAction\":[{\"@type\":\"SearchAction\",\"target\":{\"@type\":\"EntryPoint\",\"urlTemplate\":\"https:\\\/\\\/cityrenovation.be\\\/?s={search_term_string}\"},\"query-input\":{\"@type\":\"PropertyValueSpecification\",\"valueRequired\":true,\"valueName\":\"search_term_string\"}}],\"inLanguage\":\"nl-NL\"},{\"@type\":\"Organization\",\"@id\":\"https:\\\/\\\/cityrenovation.be\\\/#organization\",\"name\":\"City R\u00e9novation\",\"url\":\"https:\\\/\\\/cityrenovation.be\\\/\",\"logo\":{\"@type\":\"ImageObject\",\"inLanguage\":\"nl-NL\",\"@id\":\"https:\\\/\\\/cityrenovation.be\\\/#\\\/schema\\\/logo\\\/image\\\/\",\"url\":\"https:\\\/\\\/cityrenovation.be\\\/wp-content\\\/uploads\\\/2026\\\/02\\\/IMG_4643.jpeg\",\"contentUrl\":\"https:\\\/\\\/cityrenovation.be\\\/wp-content\\\/uploads\\\/2026\\\/02\\\/IMG_4643.jpeg\",\"width\":2000,\"height\":2000,\"caption\":\"City R\u00e9novation\"},\"image\":{\"@id\":\"https:\\\/\\\/cityrenovation.be\\\/#\\\/schema\\\/logo\\\/image\\\/\"},\"sameAs\":[\"https:\\\/\\\/www.facebook.com\\\/profile.php?id=61588216913664\"]}]}<\/script>\n<!-- \/ Yoast SEO plugin. -->","yoast_head_json":{"title":"Algemene voorwaarden - City R\u00e9novation","robots":{"index":"index","follow":"follow","max-snippet":"max-snippet:-1","max-image-preview":"max-image-preview:large","max-video-preview":"max-video-preview:-1"},"canonical":"https:\/\/cityrenovation.be\/conditions-generales\/","og_locale":"nl_NL","og_type":"article","og_title":"Algemene voorwaarden - City R\u00e9novation","og_description":"[vc_row][vc_column width=&#8221;1\/1&#8243;][vc_column_text uncode_shortcode_id=&#8221;613089&#8243;]Algemene Voorwaarden \u2013 City Renovation SRL 1. Algemene informatie De vennootschap City Renovation SRL, met maatschappelijke zetel te [&hellip;]","og_url":"https:\/\/cityrenovation.be\/conditions-generales\/","og_site_name":"City R\u00e9novation","article_publisher":"https:\/\/www.facebook.com\/profile.php?id=61588216913664","article_modified_time":"2026-03-09T09:30:46+00:00","twitter_card":"summary_large_image","twitter_misc":{"Geschatte leestijd":"2 minuten"},"schema":{"@context":"https:\/\/schema.org","@graph":[{"@type":"WebPage","@id":"https:\/\/cityrenovation.be\/conditions-generales\/","url":"https:\/\/cityrenovation.be\/conditions-generales\/","name":"Algemene voorwaarden - City R\u00e9novation","isPartOf":{"@id":"https:\/\/cityrenovation.be\/#website"},"datePublished":"2026-02-12T17:36:32+00:00","dateModified":"2026-03-09T09:30:46+00:00","breadcrumb":{"@id":"https:\/\/cityrenovation.be\/conditions-generales\/#breadcrumb"},"inLanguage":"nl-NL","potentialAction":[{"@type":"ReadAction","target":["https:\/\/cityrenovation.be\/conditions-generales\/"]}]},{"@type":"BreadcrumbList","@id":"https:\/\/cityrenovation.be\/conditions-generales\/#breadcrumb","itemListElement":[{"@type":"ListItem","position":1,"name":"Accueil","item":"https:\/\/cityrenovation.be\/nl\/"},{"@type":"ListItem","position":2,"name":"Algemene voorwaarden"}]},{"@type":"WebSite","@id":"https:\/\/cityrenovation.be\/#website","url":"https:\/\/cityrenovation.be\/","name":"City R\u00e9novation","description":"Entreprise g\u00e9n\u00e9rale du b\u00e2timent","publisher":{"@id":"https:\/\/cityrenovation.be\/#organization"},"potentialAction":[{"@type":"SearchAction","target":{"@type":"EntryPoint","urlTemplate":"https:\/\/cityrenovation.be\/?s={search_term_string}"},"query-input":{"@type":"PropertyValueSpecification","valueRequired":true,"valueName":"search_term_string"}}],"inLanguage":"nl-NL"},{"@type":"Organization","@id":"https:\/\/cityrenovation.be\/#organization","name":"City R\u00e9novation","url":"https:\/\/cityrenovation.be\/","logo":{"@type":"ImageObject","inLanguage":"nl-NL","@id":"https:\/\/cityrenovation.be\/#\/schema\/logo\/image\/","url":"https:\/\/cityrenovation.be\/wp-content\/uploads\/2026\/02\/IMG_4643.jpeg","contentUrl":"https:\/\/cityrenovation.be\/wp-content\/uploads\/2026\/02\/IMG_4643.jpeg","width":2000,"height":2000,"caption":"City R\u00e9novation"},"image":{"@id":"https:\/\/cityrenovation.be\/#\/schema\/logo\/image\/"},"sameAs":["https:\/\/www.facebook.com\/profile.php?id=61588216913664"]}]}},"_links":{"self":[{"href":"https:\/\/cityrenovation.be\/nl\/wp-json\/wp\/v2\/pages\/172756","targetHints":{"allow":["GET"]}}],"collection":[{"href":"https:\/\/cityrenovation.be\/nl\/wp-json\/wp\/v2\/pages"}],"about":[{"href":"https:\/\/cityrenovation.be\/nl\/wp-json\/wp\/v2\/types\/page"}],"author":[{"embeddable":true,"href":"https:\/\/cityrenovation.be\/nl\/wp-json\/wp\/v2\/users\/1"}],"replies":[{"embeddable":true,"href":"https:\/\/cityrenovation.be\/nl\/wp-json\/wp\/v2\/comments?post=172756"}],"version-history":[{"count":5,"href":"https:\/\/cityrenovation.be\/nl\/wp-json\/wp\/v2\/pages\/172756\/revisions"}],"predecessor-version":[{"id":172761,"href":"https:\/\/cityrenovation.be\/nl\/wp-json\/wp\/v2\/pages\/172756\/revisions\/172761"}],"wp:attachment":[{"href":"https:\/\/cityrenovation.be\/nl\/wp-json\/wp\/v2\/media?parent=172756"}],"curies":[{"name":"wp","href":"https:\/\/api.w.org\/{rel}","templated":true}]}}