{"id":172762,"date":"2021-08-31T11:25:54","date_gmt":"2021-08-31T10:25:54","guid":{"rendered":"https:\/\/cityrenovation.be\/contact\/"},"modified":"2026-03-09T10:33:10","modified_gmt":"2026-03-09T09:33:10","slug":"contact","status":"publish","type":"page","link":"https:\/\/cityrenovation.be\/nl\/contact\/","title":{"rendered":"Contact"},"content":{"rendered":"<div class=\"wpb-content-wrapper\"><p>[vc_row row_height_percent=&#8221;60&#8243; override_padding=&#8221;yes&#8221; h_padding=&#8221;2&#8243; top_padding=&#8221;3&#8243; bottom_padding=&#8221;3&#8243; back_image=&#8221;171815&#8243; back_position=&#8221;center bottom&#8221; parallax=&#8221;yes&#8221; kburns=&#8221;magnetic&#8221; overlay_color=&#8221;color-jevc&#8221; overlay_alpha=&#8221;41&#8243; gutter_size=&#8221;3&#8243; column_width_percent=&#8221;100&#8243; shift_y=&#8221;0&#8243; z_index=&#8221;0&#8243; top_divider=&#8221;gradient&#8221; css_animation=&#8221;scroll-trigger&#8221; animation_scale_val=&#8221;100&#8243; animation_opacity=&#8221;100&#8243; animation_x=&#8221;0&#8243; animation_y=&#8221;0&#8243; animation_blur=&#8221;0&#8243; animation_rotate=&#8221;0&#8243; animation_perspective=&#8221;0&#8243; animation_offset_top=&#8221;100&#8243; animation_offset_bottom=&#8221;0&#8243; content_parallax=&#8221;3&#8243; uncode_shortcode_id=&#8221;965472&#8243; overlay_color_type=&#8221;uncode-palette&#8221;][vc_column column_width_percent=&#8221;100&#8243; position_vertical=&#8221;middle&#8221; align_horizontal=&#8221;align_center&#8221; gutter_size=&#8221;2&#8243; style=&#8221;dark&#8221; overlay_alpha=&#8221;50&#8243; shift_x=&#8221;0&#8243; shift_y=&#8221;0&#8243; shift_y_down=&#8221;0&#8243; z_index=&#8221;0&#8243; medium_width=&#8221;0&#8243; mobile_width=&#8221;0&#8243; width=&#8221;1\/1&#8243; uncode_shortcode_id=&#8221;376035&#8243;][vc_empty_space][vc_custom_heading text_color=&#8221;color-xsdn&#8221; text_font=&#8221;font-102207&#8243; text_size=&#8221;fontsize-160206&#8243; text_weight=&#8221;600&#8243; uncode_shortcode_id=&#8221;146798&#8243; text_color_type=&#8221;uncode-palette&#8221;]Contact[\/vc_custom_heading][\/vc_column][\/vc_row][vc_row row_height_percent=&#8221;0&#8243; override_padding=&#8221;yes&#8221; h_padding=&#8221;3&#8243; top_padding=&#8221;3&#8243; bottom_padding=&#8221;3&#8243; back_color=&#8221;color-xsdn&#8221; overlay_alpha=&#8221;50&#8243; gutter_size=&#8221;4&#8243; column_width_percent=&#8221;100&#8243; shift_y=&#8221;0&#8243; z_index=&#8221;0&#8243; changer_back_color=&#8221;yes&#8221; content_parallax=&#8221;0&#8243; row_name=&#8221;Leadership&#8221; uncode_shortcode_id=&#8221;195920&#8243; back_color_type=&#8221;uncode-palette&#8221;][vc_column column_width_percent=&#8221;100&#8243; position_vertical=&#8221;middle&#8221; gutter_size=&#8221;3&#8243; overlay_alpha=&#8221;50&#8243; shift_x=&#8221;0&#8243; shift_y=&#8221;0&#8243; shift_y_down=&#8221;0&#8243; z_index=&#8221;0&#8243; medium_width=&#8221;5&#8243; mobile_width=&#8221;0&#8243; css_animation=&#8221;alpha-anim&#8221; animation_speed=&#8221;1000&#8243; width=&#8221;2\/3&#8243; uncode_shortcode_id=&#8221;500584&#8243;][vc_custom_heading text_color=&#8221;color-210407&#8243; heading_semantic=&#8221;h3&#8243; text_weight=&#8221;600&#8243; css_animation=&#8221;zoom-in&#8221; uncode_shortcode_id=&#8221;124128&#8243; text_color_type=&#8221;uncode-palette&#8221;]Algemene onderneming voor renovatie en verbouwing[\/vc_custom_heading][vc_column_text uncode_shortcode_id=&#8221;482216&#8243;]City R\u00e9novation is een algemene bouw- en renovatieonderneming gevestigd in het hart van Brussel, gespecialiseerd in alle soorten bouwwerken, zowel binnen als buiten. Met een multidisciplinair team dat de belangrijkste vakgebieden van de bouwsector omvat, plaatst het bedrijf aandacht voor detail, kwaliteit van uitvoering en het strikt naleven van deadlines centraal in elk project. Dankzij zijn strategische ligging en effici\u00ebnte organisatie onderscheidt City R\u00e9novation zich door een grote reactietijd en competitieve prijzen.<\/p>\n<p>Als erkende onderneming begeleidt City R\u00e9novation haar klanten bij projecten van elke omvang: van de verbouwing van een ruimte tot de volledige renovatie van een woning, appartementsgebouw of villa. De expertise van het bedrijf bestrijkt de meeste bouwberoepen, wat een vlotte en gecentraliseerde opvolging van de werven garandeert. Hoewel het bedrijf in Brussel gevestigd is, strekt zijn werkgebied zich uit tot Waals-Brabant, Vlaams-Brabant en Henegouwen, binnen een straal van ongeveer 40 km rond Brussel, tot tevredenheid van zijn trouwe klanten.[\/vc_column_text][\/vc_column][vc_column column_width_percent=&#8221;100&#8243; position_vertical=&#8221;middle&#8221; align_horizontal=&#8221;align_center&#8221; gutter_size=&#8221;3&#8243; overlay_alpha=&#8221;50&#8243; shift_x=&#8221;0&#8243; shift_y=&#8221;0&#8243; shift_y_down=&#8221;0&#8243; z_index=&#8221;0&#8243; medium_width=&#8221;3&#8243; mobile_width=&#8221;0&#8243; css_animation=&#8221;alpha-anim&#8221; animation_speed=&#8221;1000&#8243; width=&#8221;1\/3&#8243; uncode_shortcode_id=&#8221;861222&#8243;][vc_single_image media=&#8221;172630&#8243; media_width_percent=&#8221;90&#8243; uncode_shortcode_id=&#8221;118443&#8243;][vc_empty_space empty_h=&#8221;2&#8243;][vc_button button_color=&#8221;accent&#8221; size=&#8221;btn-lg&#8221; border_animation=&#8221;btn-ripple-out&#8221; border_width=&#8221;0&#8243; display=&#8221;inline&#8221; css_animation=&#8221;zoom-in&#8221; button_color_type=&#8221;uncode-palette&#8221; uncode_shortcode_id=&#8221;156306&#8243;]Wie zijn wij?[\/vc_button][\/vc_column][\/vc_row][vc_row unlock_row_content=&#8221;yes&#8221; row_height_percent=&#8221;0&#8243; override_padding=&#8221;yes&#8221; h_padding=&#8221;0&#8243; top_padding=&#8221;0&#8243; bottom_padding=&#8221;0&#8243; back_color=&#8221;color-xsdn&#8221; overlay_alpha=&#8221;50&#8243; equal_height=&#8221;yes&#8221; gutter_size=&#8221;0&#8243; column_width_percent=&#8221;100&#8243; shift_y=&#8221;0&#8243; z_index=&#8221;0&#8243; content_parallax=&#8221;0&#8243; uncode_shortcode_id=&#8221;137599&#8243; back_color_type=&#8221;uncode-palette&#8221;][vc_column column_width_percent=&#8221;100&#8243; position_vertical=&#8221;middle&#8221; align_horizontal=&#8221;align_center&#8221; gutter_size=&#8221;3&#8243; override_padding=&#8221;yes&#8221; column_padding=&#8221;4&#8243; style=&#8221;light&#8221; overlay_alpha=&#8221;50&#8243; shift_x=&#8221;0&#8243; shift_y=&#8221;0&#8243; shift_y_down=&#8221;0&#8243; z_index=&#8221;0&#8243; medium_width=&#8221;0&#8243; mobile_width=&#8221;0&#8243; width=&#8221;1\/3&#8243; uncode_shortcode_id=&#8221;117011&#8243;][vc_icon icon=&#8221;fa fa-phone-handset&#8221; icon_color=&#8221;accent&#8221; size=&#8221;fa-4x&#8221; text_size=&#8221;h2&#8243; uncode_shortcode_id=&#8221;987709&#8243; icon_color_type=&#8221;uncode-palette&#8221;][\/vc_icon][vc_custom_heading text_color=&#8221;color-213636&#8243; uncode_shortcode_id=&#8221;214220&#8243; text_color_type=&#8221;uncode-palette&#8221;]Per telefoon[\/vc_custom_heading][vc_button button_color=&#8221;accent&#8221; size=&#8221;btn-lg&#8221; border_animation=&#8221;btn-ripple-out&#8221; border_width=&#8221;0&#8243; link=&#8221;url:tel%3A%2B32%20492%2040%2006%2081|&#8221; button_color_type=&#8221;uncode-palette&#8221; uncode_shortcode_id=&#8221;191324&#8243;]+32 492 40 06 81[\/vc_button][\/vc_column][vc_column column_width_percent=&#8221;100&#8243; position_vertical=&#8221;middle&#8221; align_horizontal=&#8221;align_center&#8221; gutter_size=&#8221;3&#8243; override_padding=&#8221;yes&#8221; column_padding=&#8221;4&#8243; style=&#8221;light&#8221; back_color=&#8221;color-lxmt&#8221; overlay_alpha=&#8221;50&#8243; shift_x=&#8221;0&#8243; shift_y=&#8221;0&#8243; shift_y_down=&#8221;0&#8243; z_index=&#8221;0&#8243; medium_width=&#8221;0&#8243; mobile_width=&#8221;0&#8243; width=&#8221;1\/3&#8243; uncode_shortcode_id=&#8221;101970&#8243; back_color_type=&#8221;uncode-palette&#8221;][vc_icon icon=&#8221;fa fa-envelope-o&#8221; icon_color=&#8221;accent&#8221; size=&#8221;fa-4x&#8221; text_size=&#8221;h2&#8243; uncode_shortcode_id=&#8221;177805&#8243; icon_color_type=&#8221;uncode-palette&#8221;][\/vc_icon][vc_custom_heading text_color=&#8221;color-213636&#8243; uncode_shortcode_id=&#8221;103317&#8243; text_color_type=&#8221;uncode-palette&#8221;]Per e-mail[\/vc_custom_heading][vc_button button_color=&#8221;accent&#8221; size=&#8221;btn-lg&#8221; border_animation=&#8221;btn-ripple-out&#8221; border_width=&#8221;0&#8243; link=&#8221;url:mailto%3Ainfo%40cityrenovation.be|&#8221; button_color_type=&#8221;uncode-palette&#8221; uncode_shortcode_id=&#8221;360502&#8243;]info@cityrenovation.be[\/vc_button][\/vc_column][vc_column column_width_percent=&#8221;100&#8243; position_vertical=&#8221;middle&#8221; align_horizontal=&#8221;align_center&#8221; gutter_size=&#8221;3&#8243; override_padding=&#8221;yes&#8221; column_padding=&#8221;4&#8243; style=&#8221;light&#8221; overlay_alpha=&#8221;50&#8243; shift_x=&#8221;0&#8243; shift_y=&#8221;0&#8243; shift_y_down=&#8221;0&#8243; z_index=&#8221;0&#8243; medium_width=&#8221;0&#8243; mobile_width=&#8221;0&#8243; width=&#8221;1\/3&#8243; uncode_shortcode_id=&#8221;109080&#8243;][vc_icon icon=&#8221;fa fa-chat&#8221; icon_color=&#8221;accent&#8221; size=&#8221;fa-4x&#8221; text_size=&#8221;h2&#8243; uncode_shortcode_id=&#8221;122614&#8243; icon_color_type=&#8221;uncode-palette&#8221;][\/vc_icon][vc_custom_heading text_color=&#8221;color-213636&#8243; uncode_shortcode_id=&#8221;200793&#8243; text_color_type=&#8221;uncode-palette&#8221;]Online chat[\/vc_custom_heading][vc_column_text uncode_shortcode_id=&#8221;151775&#8243;]Klik op het pictogram linksonder op uw scherm om een gesprek te starten.[\/vc_column_text][\/vc_column][\/vc_row][vc_row unlock_row_content=&#8221;yes&#8221; row_height_percent=&#8221;0&#8243; override_padding=&#8221;yes&#8221; h_padding=&#8221;0&#8243; top_padding=&#8221;3&#8243; bottom_padding=&#8221;2&#8243; overlay_alpha=&#8221;50&#8243; gutter_size=&#8221;3&#8243; column_width_percent=&#8221;100&#8243; shift_y=&#8221;0&#8243; z_index=&#8221;0&#8243; content_parallax=&#8221;0&#8243; uncode_shortcode_id=&#8221;583895&#8243;][vc_column column_width_percent=&#8221;83&#8243; position_vertical=&#8221;middle&#8221; align_horizontal=&#8221;align_center&#8221; gutter_size=&#8221;3&#8243; style=&#8221;light&#8221; overlay_alpha=&#8221;50&#8243; shift_x=&#8221;0&#8243; shift_y=&#8221;0&#8243; shift_y_down=&#8221;0&#8243; z_index=&#8221;0&#8243; medium_width=&#8221;0&#8243; mobile_width=&#8221;0&#8243; width=&#8221;1\/1&#8243; uncode_shortcode_id=&#8221;133561&#8243;][vc_custom_heading text_color=&#8221;color-210407&#8243; text_size=&#8221;h3&#8243; uncode_shortcode_id=&#8221;880083&#8243; text_color_type=&#8221;uncode-palette&#8221;]Hoewel wij gevestigd zijn in het Brussels Gewest, strekken onze diensten zich uit tot Waals-Brabant, Vlaams-Brabant en zelfs Henegouwen (binnen een straal van ongeveer 40 km rond Brussel).[\/vc_custom_heading][\/vc_column][\/vc_row][vc_row unlock_row_content=&#8221;yes&#8221; row_height_percent=&#8221;0&#8243; overlay_alpha=&#8221;50&#8243; gutter_size=&#8221;3&#8243; column_width_percent=&#8221;100&#8243; shift_y=&#8221;0&#8243; z_index=&#8221;0&#8243; content_parallax=&#8221;0&#8243; uncode_shortcode_id=&#8221;189577&#8243;][vc_column width=&#8221;1\/1&#8243;][vc_raw_html]PGlmcmFtZSBzcmM9Imh0dHBzOi8vd3d3Lmdvb2dsZS5jb20vbWFwcy9lbWJlZD9wYj0hMW0xOCExbTEyITFtMyExZDE2MTE5Ny4zMDM3MDU4OTg3MiEyZDQuMjEwNjE5MTI5NDY1NTc1ITNkNTAuODU1MDkzNjkwNzE3NSEybTMhMWYwITJmMCEzZjAhM20yITFpMTAyNCEyaTc2OCE0ZjEzLjEhM20zITFtMiExczB4NDdjM2E0ZWQ3M2M3Njg2NyUzQTB4YzE4YjNhNjY3ODczMDJhNyEyc0JydXhlbGxlcyE1ZTAhM20yITFzZnIhMnNiZSE0djE3NzA4NDg5MzY2OTchNW0yITFzZnIhMnNiZSIgd2lkdGg9IjEwMDAiIGhlaWdodD0iNDAwIiBzdHlsZT0iYm9yZGVyOjA7IiBhbGxvd2Z1bGxzY3JlZW49IiIgbG9hZGluZz0ibGF6eSIgcmVmZXJyZXJwb2xpY3k9Im5vLXJlZmVycmVyLXdoZW4tZG93bmdyYWRlIj48L2lmcmFtZT4=[\/vc_raw_html][\/vc_column][\/vc_row]<\/p>\n<\/div>","protected":false},"excerpt":{"rendered":"<p>[vc_row row_height_percent=&#8221;60&#8243; override_padding=&#8221;yes&#8221; h_padding=&#8221;2&#8243; top_padding=&#8221;3&#8243; bottom_padding=&#8221;3&#8243; back_image=&#8221;171815&#8243; back_position=&#8221;center bottom&#8221; parallax=&#8221;yes&#8221; kburns=&#8221;magnetic&#8221; overlay_color=&#8221;color-jevc&#8221; overlay_alpha=&#8221;41&#8243; gutter_size=&#8221;3&#8243; column_width_percent=&#8221;100&#8243; shift_y=&#8221;0&#8243; z_index=&#8221;0&#8243; top_divider=&#8221;gradient&#8221; css_animation=&#8221;scroll-trigger&#8221; animation_scale_val=&#8221;100&#8243; [&hellip;]<\/p>\n","protected":false},"author":1,"featured_media":172406,"parent":0,"menu_order":0,"comment_status":"closed","ping_status":"closed","template":"","meta":{"footnotes":""},"class_list":["post-172762","page","type-page","status-publish","has-post-thumbnail","hentry"],"yoast_head":"<!-- This site is optimized with the Yoast SEO plugin v27.3 - https:\/\/yoast.com\/product\/yoast-seo-wordpress\/ -->\n<title>Contact | City Renovation Brussels<\/title>\n<meta name=\"description\" content=\"Contacteer City Renovation in Brussel voor uw renovatiewerken. Gratis offerte en snelle interventie.\" \/>\n<meta name=\"robots\" content=\"index, follow, max-snippet:-1, max-image-preview:large, max-video-preview:-1\" \/>\n<link rel=\"canonical\" href=\"https:\/\/cityrenovation.be\/nl\/contact\/\" \/>\n<meta property=\"og:locale\" content=\"nl_NL\" \/>\n<meta property=\"og:type\" content=\"article\" \/>\n<meta property=\"og:title\" content=\"Contact | City Renovation Brussels\" \/>\n<meta property=\"og:description\" content=\"Contacteer City Renovation in Brussel voor uw renovatiewerken. Gratis offerte en snelle interventie.\" \/>\n<meta property=\"og:url\" content=\"https:\/\/cityrenovation.be\/nl\/contact\/\" \/>\n<meta property=\"og:site_name\" content=\"City R\u00e9novation\" \/>\n<meta property=\"article:publisher\" content=\"https:\/\/www.facebook.com\/profile.php?id=61588216913664\" \/>\n<meta property=\"article:modified_time\" content=\"2026-03-09T09:33:10+00:00\" \/>\n<meta property=\"og:image\" content=\"https:\/\/cityrenovation.be\/wp-content\/uploads\/2026\/02\/IMG_4643-1.jpeg\" \/>\n\t<meta property=\"og:image:width\" content=\"2000\" \/>\n\t<meta property=\"og:image:height\" content=\"2000\" \/>\n\t<meta property=\"og:image:type\" content=\"image\/jpeg\" \/>\n<meta name=\"twitter:card\" content=\"summary_large_image\" \/>\n<meta name=\"twitter:label1\" content=\"Geschatte leestijd\" \/>\n\t<meta name=\"twitter:data1\" content=\"6 minuten\" \/>\n<script type=\"application\/ld+json\" class=\"yoast-schema-graph\">{\"@context\":\"https:\\\/\\\/schema.org\",\"@graph\":[{\"@type\":\"WebPage\",\"@id\":\"https:\\\/\\\/cityrenovation.be\\\/nl\\\/contact\\\/\",\"url\":\"https:\\\/\\\/cityrenovation.be\\\/nl\\\/contact\\\/\",\"name\":\"Contact | City Renovation Brussels\",\"isPartOf\":{\"@id\":\"https:\\\/\\\/cityrenovation.be\\\/#website\"},\"primaryImageOfPage\":{\"@id\":\"https:\\\/\\\/cityrenovation.be\\\/nl\\\/contact\\\/#primaryimage\"},\"image\":{\"@id\":\"https:\\\/\\\/cityrenovation.be\\\/nl\\\/contact\\\/#primaryimage\"},\"thumbnailUrl\":\"https:\\\/\\\/cityrenovation.be\\\/wp-content\\\/uploads\\\/2026\\\/02\\\/IMG_4643-1.jpeg\",\"datePublished\":\"2021-08-31T10:25:54+00:00\",\"dateModified\":\"2026-03-09T09:33:10+00:00\",\"description\":\"Contacteer City Renovation in Brussel voor uw renovatiewerken. Gratis offerte en snelle interventie.\",\"breadcrumb\":{\"@id\":\"https:\\\/\\\/cityrenovation.be\\\/nl\\\/contact\\\/#breadcrumb\"},\"inLanguage\":\"nl-NL\",\"potentialAction\":[{\"@type\":\"ReadAction\",\"target\":[\"https:\\\/\\\/cityrenovation.be\\\/nl\\\/contact\\\/\"]}]},{\"@type\":\"ImageObject\",\"inLanguage\":\"nl-NL\",\"@id\":\"https:\\\/\\\/cityrenovation.be\\\/nl\\\/contact\\\/#primaryimage\",\"url\":\"https:\\\/\\\/cityrenovation.be\\\/wp-content\\\/uploads\\\/2026\\\/02\\\/IMG_4643-1.jpeg\",\"contentUrl\":\"https:\\\/\\\/cityrenovation.be\\\/wp-content\\\/uploads\\\/2026\\\/02\\\/IMG_4643-1.jpeg\",\"width\":2000,\"height\":2000},{\"@type\":\"BreadcrumbList\",\"@id\":\"https:\\\/\\\/cityrenovation.be\\\/nl\\\/contact\\\/#breadcrumb\",\"itemListElement\":[{\"@type\":\"ListItem\",\"position\":1,\"name\":\"Accueil\",\"item\":\"https:\\\/\\\/cityrenovation.be\\\/nl\\\/\"},{\"@type\":\"ListItem\",\"position\":2,\"name\":\"Contact\"}]},{\"@type\":\"WebSite\",\"@id\":\"https:\\\/\\\/cityrenovation.be\\\/#website\",\"url\":\"https:\\\/\\\/cityrenovation.be\\\/\",\"name\":\"City R\u00e9novation\",\"description\":\"Entreprise g\u00e9n\u00e9rale du b\u00e2timent\",\"publisher\":{\"@id\":\"https:\\\/\\\/cityrenovation.be\\\/#organization\"},\"potentialAction\":[{\"@type\":\"SearchAction\",\"target\":{\"@type\":\"EntryPoint\",\"urlTemplate\":\"https:\\\/\\\/cityrenovation.be\\\/?s={search_term_string}\"},\"query-input\":{\"@type\":\"PropertyValueSpecification\",\"valueRequired\":true,\"valueName\":\"search_term_string\"}}],\"inLanguage\":\"nl-NL\"},{\"@type\":\"Organization\",\"@id\":\"https:\\\/\\\/cityrenovation.be\\\/#organization\",\"name\":\"City R\u00e9novation\",\"url\":\"https:\\\/\\\/cityrenovation.be\\\/\",\"logo\":{\"@type\":\"ImageObject\",\"inLanguage\":\"nl-NL\",\"@id\":\"https:\\\/\\\/cityrenovation.be\\\/#\\\/schema\\\/logo\\\/image\\\/\",\"url\":\"https:\\\/\\\/cityrenovation.be\\\/wp-content\\\/uploads\\\/2026\\\/02\\\/IMG_4643.jpeg\",\"contentUrl\":\"https:\\\/\\\/cityrenovation.be\\\/wp-content\\\/uploads\\\/2026\\\/02\\\/IMG_4643.jpeg\",\"width\":2000,\"height\":2000,\"caption\":\"City R\u00e9novation\"},\"image\":{\"@id\":\"https:\\\/\\\/cityrenovation.be\\\/#\\\/schema\\\/logo\\\/image\\\/\"},\"sameAs\":[\"https:\\\/\\\/www.facebook.com\\\/profile.php?id=61588216913664\"]}]}<\/script>\n<!-- \/ Yoast SEO plugin. -->","yoast_head_json":{"title":"Contact | City Renovation Brussels","description":"Contacteer City Renovation in Brussel voor uw renovatiewerken. Gratis offerte en snelle interventie.","robots":{"index":"index","follow":"follow","max-snippet":"max-snippet:-1","max-image-preview":"max-image-preview:large","max-video-preview":"max-video-preview:-1"},"canonical":"https:\/\/cityrenovation.be\/nl\/contact\/","og_locale":"nl_NL","og_type":"article","og_title":"Contact | City Renovation Brussels","og_description":"Contacteer City Renovation in Brussel voor uw renovatiewerken. Gratis offerte en snelle interventie.","og_url":"https:\/\/cityrenovation.be\/nl\/contact\/","og_site_name":"City R\u00e9novation","article_publisher":"https:\/\/www.facebook.com\/profile.php?id=61588216913664","article_modified_time":"2026-03-09T09:33:10+00:00","og_image":[{"width":2000,"height":2000,"url":"https:\/\/cityrenovation.be\/wp-content\/uploads\/2026\/02\/IMG_4643-1.jpeg","type":"image\/jpeg"}],"twitter_card":"summary_large_image","twitter_misc":{"Geschatte leestijd":"6 minuten"},"schema":{"@context":"https:\/\/schema.org","@graph":[{"@type":"WebPage","@id":"https:\/\/cityrenovation.be\/nl\/contact\/","url":"https:\/\/cityrenovation.be\/nl\/contact\/","name":"Contact | City Renovation Brussels","isPartOf":{"@id":"https:\/\/cityrenovation.be\/#website"},"primaryImageOfPage":{"@id":"https:\/\/cityrenovation.be\/nl\/contact\/#primaryimage"},"image":{"@id":"https:\/\/cityrenovation.be\/nl\/contact\/#primaryimage"},"thumbnailUrl":"https:\/\/cityrenovation.be\/wp-content\/uploads\/2026\/02\/IMG_4643-1.jpeg","datePublished":"2021-08-31T10:25:54+00:00","dateModified":"2026-03-09T09:33:10+00:00","description":"Contacteer City Renovation in Brussel voor uw renovatiewerken. Gratis offerte en snelle interventie.","breadcrumb":{"@id":"https:\/\/cityrenovation.be\/nl\/contact\/#breadcrumb"},"inLanguage":"nl-NL","potentialAction":[{"@type":"ReadAction","target":["https:\/\/cityrenovation.be\/nl\/contact\/"]}]},{"@type":"ImageObject","inLanguage":"nl-NL","@id":"https:\/\/cityrenovation.be\/nl\/contact\/#primaryimage","url":"https:\/\/cityrenovation.be\/wp-content\/uploads\/2026\/02\/IMG_4643-1.jpeg","contentUrl":"https:\/\/cityrenovation.be\/wp-content\/uploads\/2026\/02\/IMG_4643-1.jpeg","width":2000,"height":2000},{"@type":"BreadcrumbList","@id":"https:\/\/cityrenovation.be\/nl\/contact\/#breadcrumb","itemListElement":[{"@type":"ListItem","position":1,"name":"Accueil","item":"https:\/\/cityrenovation.be\/nl\/"},{"@type":"ListItem","position":2,"name":"Contact"}]},{"@type":"WebSite","@id":"https:\/\/cityrenovation.be\/#website","url":"https:\/\/cityrenovation.be\/","name":"City R\u00e9novation","description":"Entreprise g\u00e9n\u00e9rale du b\u00e2timent","publisher":{"@id":"https:\/\/cityrenovation.be\/#organization"},"potentialAction":[{"@type":"SearchAction","target":{"@type":"EntryPoint","urlTemplate":"https:\/\/cityrenovation.be\/?s={search_term_string}"},"query-input":{"@type":"PropertyValueSpecification","valueRequired":true,"valueName":"search_term_string"}}],"inLanguage":"nl-NL"},{"@type":"Organization","@id":"https:\/\/cityrenovation.be\/#organization","name":"City R\u00e9novation","url":"https:\/\/cityrenovation.be\/","logo":{"@type":"ImageObject","inLanguage":"nl-NL","@id":"https:\/\/cityrenovation.be\/#\/schema\/logo\/image\/","url":"https:\/\/cityrenovation.be\/wp-content\/uploads\/2026\/02\/IMG_4643.jpeg","contentUrl":"https:\/\/cityrenovation.be\/wp-content\/uploads\/2026\/02\/IMG_4643.jpeg","width":2000,"height":2000,"caption":"City R\u00e9novation"},"image":{"@id":"https:\/\/cityrenovation.be\/#\/schema\/logo\/image\/"},"sameAs":["https:\/\/www.facebook.com\/profile.php?id=61588216913664"]}]}},"_links":{"self":[{"href":"https:\/\/cityrenovation.be\/nl\/wp-json\/wp\/v2\/pages\/172762","targetHints":{"allow":["GET"]}}],"collection":[{"href":"https:\/\/cityrenovation.be\/nl\/wp-json\/wp\/v2\/pages"}],"about":[{"href":"https:\/\/cityrenovation.be\/nl\/wp-json\/wp\/v2\/types\/page"}],"author":[{"embeddable":true,"href":"https:\/\/cityrenovation.be\/nl\/wp-json\/wp\/v2\/users\/1"}],"replies":[{"embeddable":true,"href":"https:\/\/cityrenovation.be\/nl\/wp-json\/wp\/v2\/comments?post=172762"}],"version-history":[{"count":7,"href":"https:\/\/cityrenovation.be\/nl\/wp-json\/wp\/v2\/pages\/172762\/revisions"}],"predecessor-version":[{"id":172769,"href":"https:\/\/cityrenovation.be\/nl\/wp-json\/wp\/v2\/pages\/172762\/revisions\/172769"}],"wp:featuredmedia":[{"embeddable":true,"href":"https:\/\/cityrenovation.be\/nl\/wp-json\/wp\/v2\/media\/172406"}],"wp:attachment":[{"href":"https:\/\/cityrenovation.be\/nl\/wp-json\/wp\/v2\/media?parent=172762"}],"curies":[{"name":"wp","href":"https:\/\/api.w.org\/{rel}","templated":true}]}}