{"id":172770,"date":"2026-02-12T20:02:34","date_gmt":"2026-02-12T19:02:34","guid":{"rendered":"https:\/\/cityrenovation.be\/cookies\/"},"modified":"2026-03-09T10:33:42","modified_gmt":"2026-03-09T09:33:42","slug":"cookies","status":"publish","type":"page","link":"https:\/\/cityrenovation.be\/nl\/cookies\/","title":{"rendered":"Cookies"},"content":{"rendered":"<div class=\"wpb-content-wrapper\"><p>[vc_row][vc_column width=&#8221;1\/1&#8243;][vc_column_text uncode_shortcode_id=&#8221;277288&#8243;]Cookiebeleid \u2013 City Renovation SRL<\/p>\n<p>1. Inleiding<\/p>\n<p>De website van City Renovation SRL maakt gebruik van cookies om de gebruikerservaring te verbeteren, het websiteverkeer te analyseren en de prestaties van de site te optimaliseren. Dit beleid legt uit hoe deze cookies worden gebruikt en beheerd.<\/p>\n<p>2. Wat is een cookie?<\/p>\n<p>Een cookie is een klein tekstbestand dat op uw apparaat (computer, tablet of smartphone) wordt opgeslagen wanneer u een website bezoekt. Het helpt onder andere om uw voorkeuren te onthouden, uw navigatie te analyseren en het gebruik van de website te vergemakkelijken.<\/p>\n<p>3. Soorten cookies die worden gebruikt<\/p>\n<p>Essenti\u00eble cookies<\/p>\n<p>Onmisbaar voor het goed functioneren van de website (navigatie, beveiliging, formulieren).<\/p>\n<p>Prestatiecookies<\/p>\n<p>Worden gebruikt om het verkeer en het gebruik van de website te analyseren (bijv. Google Analytics).<\/p>\n<p>Functionele cookies<\/p>\n<p>Onthouden uw voorkeuren (taal, weergave, enz.).<\/p>\n<p>Marketingcookies (indien gebruikt)<\/p>\n<p>Worden gebruikt om gerichte inhoud of advertenties aan te bieden.<\/p>\n<p>4. Bewaartermijn<\/p>\n<p>Cookies worden maximaal 13 maanden bewaard, conform de Europese regelgeving.<\/p>\n<p>5. Beheer van cookies<\/p>\n<p>Bij uw eerste bezoek verschijnt een banner waarmee u cookies kunt accepteren, weigeren of aanpassen.<\/p>\n<p>U kunt uw voorkeuren ook wijzigen via de instellingen van uw browser:<\/p>\n<ul>\n<li>Chrome<\/li>\n<li>Firefox<\/li>\n<li>Safari<\/li>\n<li>Edge<\/li>\n<\/ul>\n<p>Het uitschakelen van bepaalde cookies kan de werking van de website be\u00efnvloeden.<\/p>\n<p>6. Cookies van derden<\/p>\n<p>Sommige ge\u00efntegreerde diensten (statistieken, kaarten, video\u2019s, enz.) kunnen hun eigen cookies plaatsen. Deze worden beheerd door derden volgens hun eigen privacybeleid.<\/p>\n<p>7. Persoonsgegevens<\/p>\n<p>De via cookies verzamelde informatie maakt het niet mogelijk om gebruikers rechtstreeks te identificeren. Deze gegevens worden uitsluitend gebruikt voor statistische doeleinden en om de website te verbeteren.<\/p>\n<p>8. Contact<\/p>\n<p>Voor vragen over dit cookiebeleid:<\/p>\n<p>City Renovation SRL<\/p>\n<p>Avenue Paul De Merten 45<\/p>\n<p>1090 Jette \u2013 Belgi\u00eb[\/vc_column_text][\/vc_column][\/vc_row]<\/p>\n<\/div>","protected":false},"excerpt":{"rendered":"<p>[vc_row][vc_column width=&#8221;1\/1&#8243;][vc_column_text uncode_shortcode_id=&#8221;277288&#8243;]Cookiebeleid \u2013 City Renovation SRL 1. Inleiding De website van City Renovation SRL maakt gebruik van cookies om [&hellip;]<\/p>\n","protected":false},"author":1,"featured_media":0,"parent":0,"menu_order":0,"comment_status":"closed","ping_status":"closed","template":"","meta":{"footnotes":""},"class_list":["post-172770","page","type-page","status-publish","hentry"],"yoast_head":"<!-- This site is optimized with the Yoast SEO plugin v27.3 - https:\/\/yoast.com\/product\/yoast-seo-wordpress\/ -->\n<title>Cookies - City R\u00e9novation<\/title>\n<meta name=\"robots\" content=\"index, follow, max-snippet:-1, max-image-preview:large, max-video-preview:-1\" \/>\n<link rel=\"canonical\" href=\"https:\/\/cityrenovation.be\/cookies\/\" \/>\n<meta property=\"og:locale\" content=\"nl_NL\" \/>\n<meta property=\"og:type\" content=\"article\" \/>\n<meta property=\"og:title\" content=\"Cookies - City R\u00e9novation\" \/>\n<meta property=\"og:description\" content=\"[vc_row][vc_column width=&#8221;1\/1&#8243;][vc_column_text uncode_shortcode_id=&#8221;277288&#8243;]Cookiebeleid \u2013 City Renovation SRL 1. Inleiding De website van City Renovation SRL maakt gebruik van cookies om [&hellip;]\" \/>\n<meta property=\"og:url\" content=\"https:\/\/cityrenovation.be\/cookies\/\" \/>\n<meta property=\"og:site_name\" content=\"City R\u00e9novation\" \/>\n<meta property=\"article:publisher\" content=\"https:\/\/www.facebook.com\/profile.php?id=61588216913664\" \/>\n<meta property=\"article:modified_time\" content=\"2026-03-09T09:33:42+00:00\" \/>\n<meta name=\"twitter:card\" content=\"summary_large_image\" \/>\n<meta name=\"twitter:label1\" content=\"Geschatte leestijd\" \/>\n\t<meta name=\"twitter:data1\" content=\"1 minuut\" \/>\n<script type=\"application\/ld+json\" class=\"yoast-schema-graph\">{\"@context\":\"https:\\\/\\\/schema.org\",\"@graph\":[{\"@type\":\"WebPage\",\"@id\":\"https:\\\/\\\/cityrenovation.be\\\/cookies\\\/\",\"url\":\"https:\\\/\\\/cityrenovation.be\\\/cookies\\\/\",\"name\":\"Cookies - City R\u00e9novation\",\"isPartOf\":{\"@id\":\"https:\\\/\\\/cityrenovation.be\\\/#website\"},\"datePublished\":\"2026-02-12T19:02:34+00:00\",\"dateModified\":\"2026-03-09T09:33:42+00:00\",\"breadcrumb\":{\"@id\":\"https:\\\/\\\/cityrenovation.be\\\/cookies\\\/#breadcrumb\"},\"inLanguage\":\"nl-NL\",\"potentialAction\":[{\"@type\":\"ReadAction\",\"target\":[\"https:\\\/\\\/cityrenovation.be\\\/cookies\\\/\"]}]},{\"@type\":\"BreadcrumbList\",\"@id\":\"https:\\\/\\\/cityrenovation.be\\\/cookies\\\/#breadcrumb\",\"itemListElement\":[{\"@type\":\"ListItem\",\"position\":1,\"name\":\"Accueil\",\"item\":\"https:\\\/\\\/cityrenovation.be\\\/nl\\\/\"},{\"@type\":\"ListItem\",\"position\":2,\"name\":\"Cookies\"}]},{\"@type\":\"WebSite\",\"@id\":\"https:\\\/\\\/cityrenovation.be\\\/#website\",\"url\":\"https:\\\/\\\/cityrenovation.be\\\/\",\"name\":\"City R\u00e9novation\",\"description\":\"Entreprise g\u00e9n\u00e9rale du b\u00e2timent\",\"publisher\":{\"@id\":\"https:\\\/\\\/cityrenovation.be\\\/#organization\"},\"potentialAction\":[{\"@type\":\"SearchAction\",\"target\":{\"@type\":\"EntryPoint\",\"urlTemplate\":\"https:\\\/\\\/cityrenovation.be\\\/?s={search_term_string}\"},\"query-input\":{\"@type\":\"PropertyValueSpecification\",\"valueRequired\":true,\"valueName\":\"search_term_string\"}}],\"inLanguage\":\"nl-NL\"},{\"@type\":\"Organization\",\"@id\":\"https:\\\/\\\/cityrenovation.be\\\/#organization\",\"name\":\"City R\u00e9novation\",\"url\":\"https:\\\/\\\/cityrenovation.be\\\/\",\"logo\":{\"@type\":\"ImageObject\",\"inLanguage\":\"nl-NL\",\"@id\":\"https:\\\/\\\/cityrenovation.be\\\/#\\\/schema\\\/logo\\\/image\\\/\",\"url\":\"https:\\\/\\\/cityrenovation.be\\\/wp-content\\\/uploads\\\/2026\\\/02\\\/IMG_4643.jpeg\",\"contentUrl\":\"https:\\\/\\\/cityrenovation.be\\\/wp-content\\\/uploads\\\/2026\\\/02\\\/IMG_4643.jpeg\",\"width\":2000,\"height\":2000,\"caption\":\"City R\u00e9novation\"},\"image\":{\"@id\":\"https:\\\/\\\/cityrenovation.be\\\/#\\\/schema\\\/logo\\\/image\\\/\"},\"sameAs\":[\"https:\\\/\\\/www.facebook.com\\\/profile.php?id=61588216913664\"]}]}<\/script>\n<!-- \/ Yoast SEO plugin. -->","yoast_head_json":{"title":"Cookies - City R\u00e9novation","robots":{"index":"index","follow":"follow","max-snippet":"max-snippet:-1","max-image-preview":"max-image-preview:large","max-video-preview":"max-video-preview:-1"},"canonical":"https:\/\/cityrenovation.be\/cookies\/","og_locale":"nl_NL","og_type":"article","og_title":"Cookies - City R\u00e9novation","og_description":"[vc_row][vc_column width=&#8221;1\/1&#8243;][vc_column_text uncode_shortcode_id=&#8221;277288&#8243;]Cookiebeleid \u2013 City Renovation SRL 1. Inleiding De website van City Renovation SRL maakt gebruik van cookies om [&hellip;]","og_url":"https:\/\/cityrenovation.be\/cookies\/","og_site_name":"City R\u00e9novation","article_publisher":"https:\/\/www.facebook.com\/profile.php?id=61588216913664","article_modified_time":"2026-03-09T09:33:42+00:00","twitter_card":"summary_large_image","twitter_misc":{"Geschatte leestijd":"1 minuut"},"schema":{"@context":"https:\/\/schema.org","@graph":[{"@type":"WebPage","@id":"https:\/\/cityrenovation.be\/cookies\/","url":"https:\/\/cityrenovation.be\/cookies\/","name":"Cookies - City R\u00e9novation","isPartOf":{"@id":"https:\/\/cityrenovation.be\/#website"},"datePublished":"2026-02-12T19:02:34+00:00","dateModified":"2026-03-09T09:33:42+00:00","breadcrumb":{"@id":"https:\/\/cityrenovation.be\/cookies\/#breadcrumb"},"inLanguage":"nl-NL","potentialAction":[{"@type":"ReadAction","target":["https:\/\/cityrenovation.be\/cookies\/"]}]},{"@type":"BreadcrumbList","@id":"https:\/\/cityrenovation.be\/cookies\/#breadcrumb","itemListElement":[{"@type":"ListItem","position":1,"name":"Accueil","item":"https:\/\/cityrenovation.be\/nl\/"},{"@type":"ListItem","position":2,"name":"Cookies"}]},{"@type":"WebSite","@id":"https:\/\/cityrenovation.be\/#website","url":"https:\/\/cityrenovation.be\/","name":"City R\u00e9novation","description":"Entreprise g\u00e9n\u00e9rale du b\u00e2timent","publisher":{"@id":"https:\/\/cityrenovation.be\/#organization"},"potentialAction":[{"@type":"SearchAction","target":{"@type":"EntryPoint","urlTemplate":"https:\/\/cityrenovation.be\/?s={search_term_string}"},"query-input":{"@type":"PropertyValueSpecification","valueRequired":true,"valueName":"search_term_string"}}],"inLanguage":"nl-NL"},{"@type":"Organization","@id":"https:\/\/cityrenovation.be\/#organization","name":"City R\u00e9novation","url":"https:\/\/cityrenovation.be\/","logo":{"@type":"ImageObject","inLanguage":"nl-NL","@id":"https:\/\/cityrenovation.be\/#\/schema\/logo\/image\/","url":"https:\/\/cityrenovation.be\/wp-content\/uploads\/2026\/02\/IMG_4643.jpeg","contentUrl":"https:\/\/cityrenovation.be\/wp-content\/uploads\/2026\/02\/IMG_4643.jpeg","width":2000,"height":2000,"caption":"City R\u00e9novation"},"image":{"@id":"https:\/\/cityrenovation.be\/#\/schema\/logo\/image\/"},"sameAs":["https:\/\/www.facebook.com\/profile.php?id=61588216913664"]}]}},"_links":{"self":[{"href":"https:\/\/cityrenovation.be\/nl\/wp-json\/wp\/v2\/pages\/172770","targetHints":{"allow":["GET"]}}],"collection":[{"href":"https:\/\/cityrenovation.be\/nl\/wp-json\/wp\/v2\/pages"}],"about":[{"href":"https:\/\/cityrenovation.be\/nl\/wp-json\/wp\/v2\/types\/page"}],"author":[{"embeddable":true,"href":"https:\/\/cityrenovation.be\/nl\/wp-json\/wp\/v2\/users\/1"}],"replies":[{"embeddable":true,"href":"https:\/\/cityrenovation.be\/nl\/wp-json\/wp\/v2\/comments?post=172770"}],"version-history":[{"count":5,"href":"https:\/\/cityrenovation.be\/nl\/wp-json\/wp\/v2\/pages\/172770\/revisions"}],"predecessor-version":[{"id":172775,"href":"https:\/\/cityrenovation.be\/nl\/wp-json\/wp\/v2\/pages\/172770\/revisions\/172775"}],"wp:attachment":[{"href":"https:\/\/cityrenovation.be\/nl\/wp-json\/wp\/v2\/media?parent=172770"}],"curies":[{"name":"wp","href":"https:\/\/api.w.org\/{rel}","templated":true}]}}