{"id":172871,"date":"2026-02-12T20:10:22","date_gmt":"2026-02-12T19:10:22","guid":{"rendered":"https:\/\/cityrenovation.be\/privacybeleid\/"},"modified":"2026-03-09T10:58:12","modified_gmt":"2026-03-09T09:58:12","slug":"privacybeleid","status":"publish","type":"page","link":"https:\/\/cityrenovation.be\/nl\/privacybeleid\/","title":{"rendered":"Privacybeleid"},"content":{"rendered":"<div class=\"wpb-content-wrapper\"><p>[vc_row][vc_column width=&#8221;1\/1&#8243;][vc_column_text uncode_shortcode_id=&#8221;683348&#8243;]Privacybeleid \u2013 City Renovation SRL<\/p>\n<p>1. Inleiding<\/p>\n<p>De vennootschap City Renovation SRL, met maatschappelijke zetel te Avenue Paul De Merten 45, 1090 Jette \u2013 Belgi\u00eb, hecht veel belang aan de bescherming van uw persoonsgegevens. Dit privacybeleid legt uit welke gegevens worden verzameld, hoe ze worden gebruikt en welke rechten u heeft overeenkomstig de Algemene Verordening Gegevensbescherming (AVG \/ GDPR).<\/p>\n<p>2. Verzamelde gegevens<\/p>\n<p>Via de website kunnen wij de volgende gegevens verzamelen:<\/p>\n<ul>\n<li>Naam en voornaam<\/li>\n<li>E-mailadres<\/li>\n<li>Telefoonnummer<\/li>\n<li>Postadres<\/li>\n<li>Informatie verzonden via contact- of offerteformulieren<\/li>\n<li>Navigatiegegevens (cookies, statistieken)<\/li>\n<\/ul>\n<p>3. Doeleinden van de verwerking<\/p>\n<p>Uw gegevens worden uitsluitend verzameld om:<\/p>\n<ul>\n<li>Te antwoorden op uw contact- of offerteaanvragen<\/li>\n<li>Commerci\u00eble en administratieve opvolging te verzekeren<\/li>\n<li>Interventies en werkzaamheden te plannen<\/li>\n<li>De gebruikerservaring van de website te verbeteren<\/li>\n<li>Te voldoen aan wettelijke en boekhoudkundige verplichtingen<\/li>\n<\/ul>\n<p>4. Wettelijke basis<\/p>\n<p>De verwerking van uw gegevens is gebaseerd op:<\/p>\n<ul>\n<li>Uw toestemming<\/li>\n<li>De uitvoering van een contract of offerte<\/li>\n<li>Wettelijke verplichtingen van de onderneming<\/li>\n<li>Het gerechtvaardigd belang (verbetering van diensten)<\/li>\n<\/ul>\n<p>5. Bewaartermijn<\/p>\n<p>Gegevens worden enkel bewaard zolang nodig:<\/p>\n<ul>\n<li>Klantgegevens: tot 10 jaar (boekhoudkundige verplichtingen)<\/li>\n<li>Prospectgegevens: maximaal 3 jaar<\/li>\n<li>Cookies: maximaal 13 maanden<\/li>\n<\/ul>\n<p>6. Delen van gegevens<\/p>\n<p>Uw gegevens worden nooit verkocht.<\/p>\n<p>Ze kunnen enkel gedeeld worden met:<\/p>\n<ul>\n<li>Technische dienstverleners (hosting, onderhoud)<\/li>\n<li>Boekhouder \/ wettelijke verplichtingen<\/li>\n<li>Overheidsinstanties indien wettelijk vereist<\/li>\n<\/ul>\n<p>7. Beveiliging van gegevens<\/p>\n<p>City Renovation SRL neemt alle technische en organisatorische maatregelen om uw gegevens te beschermen tegen ongeoorloofde toegang, verlies of openbaarmaking.<\/p>\n<p>8. Uw rechten<\/p>\n<p>Volgens de GDPR heeft u de volgende rechten:<\/p>\n<ul>\n<li>Recht op inzage<\/li>\n<li>Recht op rectificatie<\/li>\n<li>Recht op verwijdering<\/li>\n<li>Recht van bezwaar<\/li>\n<li>Recht op overdraagbaarheid van gegevens<\/li>\n<li>Recht op beperking van verwerking<\/li>\n<\/ul>\n<p>U kunt deze rechten op elk moment uitoefenen.<\/p>\n<p>9. Contact \u2013 Persoonsgegevens<\/p>\n<p>Voor elke vraag over uw gegevens:<\/p>\n<p>City Renovation SRL<\/p>\n<p>Avenue Paul De Merten 45<\/p>\n<p>1090 Jette \u2013 Belgi\u00eb<\/p>\n<p>\ud83d\udce7 Email: info@cityrenovation.be<\/p>\n<p>10. Klacht<\/p>\n<p>Indien u van mening bent dat uw rechten niet worden gerespecteerd, kunt u een klacht indienen bij de Gegevensbeschermingsautoriteit (GBA) in Belgi\u00eb.[\/vc_column_text][\/vc_column][\/vc_row]<\/p>\n<\/div>","protected":false},"excerpt":{"rendered":"<p>[vc_row][vc_column width=&#8221;1\/1&#8243;][vc_column_text uncode_shortcode_id=&#8221;683348&#8243;]Privacybeleid \u2013 City Renovation SRL 1. Inleiding De vennootschap City Renovation SRL, met maatschappelijke zetel te Avenue Paul [&hellip;]<\/p>\n","protected":false},"author":1,"featured_media":0,"parent":0,"menu_order":0,"comment_status":"closed","ping_status":"closed","template":"","meta":{"footnotes":""},"class_list":["post-172871","page","type-page","status-publish","hentry"],"yoast_head":"<!-- This site is optimized with the Yoast SEO plugin v27.3 - https:\/\/yoast.com\/product\/yoast-seo-wordpress\/ -->\n<title>Privacybeleid - City R\u00e9novation<\/title>\n<meta name=\"robots\" content=\"index, follow, max-snippet:-1, max-image-preview:large, max-video-preview:-1\" \/>\n<link rel=\"canonical\" href=\"https:\/\/cityrenovation.be\/politique-de-confidentialite\/\" \/>\n<meta property=\"og:locale\" content=\"nl_NL\" \/>\n<meta property=\"og:type\" content=\"article\" \/>\n<meta property=\"og:title\" content=\"Privacybeleid - City R\u00e9novation\" \/>\n<meta property=\"og:description\" content=\"[vc_row][vc_column width=&#8221;1\/1&#8243;][vc_column_text uncode_shortcode_id=&#8221;683348&#8243;]Privacybeleid \u2013 City Renovation SRL 1. Inleiding De vennootschap City Renovation SRL, met maatschappelijke zetel te Avenue Paul [&hellip;]\" \/>\n<meta property=\"og:url\" content=\"https:\/\/cityrenovation.be\/politique-de-confidentialite\/\" \/>\n<meta property=\"og:site_name\" content=\"City R\u00e9novation\" \/>\n<meta property=\"article:publisher\" content=\"https:\/\/www.facebook.com\/profile.php?id=61588216913664\" \/>\n<meta property=\"article:modified_time\" content=\"2026-03-09T09:58:12+00:00\" \/>\n<meta name=\"twitter:card\" content=\"summary_large_image\" \/>\n<meta name=\"twitter:label1\" content=\"Geschatte leestijd\" \/>\n\t<meta name=\"twitter:data1\" content=\"2 minuten\" \/>\n<script type=\"application\/ld+json\" class=\"yoast-schema-graph\">{\"@context\":\"https:\\\/\\\/schema.org\",\"@graph\":[{\"@type\":\"WebPage\",\"@id\":\"https:\\\/\\\/cityrenovation.be\\\/politique-de-confidentialite\\\/\",\"url\":\"https:\\\/\\\/cityrenovation.be\\\/politique-de-confidentialite\\\/\",\"name\":\"Privacybeleid - City R\u00e9novation\",\"isPartOf\":{\"@id\":\"https:\\\/\\\/cityrenovation.be\\\/#website\"},\"datePublished\":\"2026-02-12T19:10:22+00:00\",\"dateModified\":\"2026-03-09T09:58:12+00:00\",\"breadcrumb\":{\"@id\":\"https:\\\/\\\/cityrenovation.be\\\/politique-de-confidentialite\\\/#breadcrumb\"},\"inLanguage\":\"nl-NL\",\"potentialAction\":[{\"@type\":\"ReadAction\",\"target\":[\"https:\\\/\\\/cityrenovation.be\\\/politique-de-confidentialite\\\/\"]}]},{\"@type\":\"BreadcrumbList\",\"@id\":\"https:\\\/\\\/cityrenovation.be\\\/politique-de-confidentialite\\\/#breadcrumb\",\"itemListElement\":[{\"@type\":\"ListItem\",\"position\":1,\"name\":\"Accueil\",\"item\":\"https:\\\/\\\/cityrenovation.be\\\/nl\\\/\"},{\"@type\":\"ListItem\",\"position\":2,\"name\":\"Privacybeleid\"}]},{\"@type\":\"WebSite\",\"@id\":\"https:\\\/\\\/cityrenovation.be\\\/#website\",\"url\":\"https:\\\/\\\/cityrenovation.be\\\/\",\"name\":\"City R\u00e9novation\",\"description\":\"Entreprise g\u00e9n\u00e9rale du b\u00e2timent\",\"publisher\":{\"@id\":\"https:\\\/\\\/cityrenovation.be\\\/#organization\"},\"potentialAction\":[{\"@type\":\"SearchAction\",\"target\":{\"@type\":\"EntryPoint\",\"urlTemplate\":\"https:\\\/\\\/cityrenovation.be\\\/?s={search_term_string}\"},\"query-input\":{\"@type\":\"PropertyValueSpecification\",\"valueRequired\":true,\"valueName\":\"search_term_string\"}}],\"inLanguage\":\"nl-NL\"},{\"@type\":\"Organization\",\"@id\":\"https:\\\/\\\/cityrenovation.be\\\/#organization\",\"name\":\"City R\u00e9novation\",\"url\":\"https:\\\/\\\/cityrenovation.be\\\/\",\"logo\":{\"@type\":\"ImageObject\",\"inLanguage\":\"nl-NL\",\"@id\":\"https:\\\/\\\/cityrenovation.be\\\/#\\\/schema\\\/logo\\\/image\\\/\",\"url\":\"https:\\\/\\\/cityrenovation.be\\\/wp-content\\\/uploads\\\/2026\\\/02\\\/IMG_4643.jpeg\",\"contentUrl\":\"https:\\\/\\\/cityrenovation.be\\\/wp-content\\\/uploads\\\/2026\\\/02\\\/IMG_4643.jpeg\",\"width\":2000,\"height\":2000,\"caption\":\"City R\u00e9novation\"},\"image\":{\"@id\":\"https:\\\/\\\/cityrenovation.be\\\/#\\\/schema\\\/logo\\\/image\\\/\"},\"sameAs\":[\"https:\\\/\\\/www.facebook.com\\\/profile.php?id=61588216913664\"]}]}<\/script>\n<!-- \/ Yoast SEO plugin. -->","yoast_head_json":{"title":"Privacybeleid - City R\u00e9novation","robots":{"index":"index","follow":"follow","max-snippet":"max-snippet:-1","max-image-preview":"max-image-preview:large","max-video-preview":"max-video-preview:-1"},"canonical":"https:\/\/cityrenovation.be\/politique-de-confidentialite\/","og_locale":"nl_NL","og_type":"article","og_title":"Privacybeleid - City R\u00e9novation","og_description":"[vc_row][vc_column width=&#8221;1\/1&#8243;][vc_column_text uncode_shortcode_id=&#8221;683348&#8243;]Privacybeleid \u2013 City Renovation SRL 1. Inleiding De vennootschap City Renovation SRL, met maatschappelijke zetel te Avenue Paul [&hellip;]","og_url":"https:\/\/cityrenovation.be\/politique-de-confidentialite\/","og_site_name":"City R\u00e9novation","article_publisher":"https:\/\/www.facebook.com\/profile.php?id=61588216913664","article_modified_time":"2026-03-09T09:58:12+00:00","twitter_card":"summary_large_image","twitter_misc":{"Geschatte leestijd":"2 minuten"},"schema":{"@context":"https:\/\/schema.org","@graph":[{"@type":"WebPage","@id":"https:\/\/cityrenovation.be\/politique-de-confidentialite\/","url":"https:\/\/cityrenovation.be\/politique-de-confidentialite\/","name":"Privacybeleid - City R\u00e9novation","isPartOf":{"@id":"https:\/\/cityrenovation.be\/#website"},"datePublished":"2026-02-12T19:10:22+00:00","dateModified":"2026-03-09T09:58:12+00:00","breadcrumb":{"@id":"https:\/\/cityrenovation.be\/politique-de-confidentialite\/#breadcrumb"},"inLanguage":"nl-NL","potentialAction":[{"@type":"ReadAction","target":["https:\/\/cityrenovation.be\/politique-de-confidentialite\/"]}]},{"@type":"BreadcrumbList","@id":"https:\/\/cityrenovation.be\/politique-de-confidentialite\/#breadcrumb","itemListElement":[{"@type":"ListItem","position":1,"name":"Accueil","item":"https:\/\/cityrenovation.be\/nl\/"},{"@type":"ListItem","position":2,"name":"Privacybeleid"}]},{"@type":"WebSite","@id":"https:\/\/cityrenovation.be\/#website","url":"https:\/\/cityrenovation.be\/","name":"City R\u00e9novation","description":"Entreprise g\u00e9n\u00e9rale du b\u00e2timent","publisher":{"@id":"https:\/\/cityrenovation.be\/#organization"},"potentialAction":[{"@type":"SearchAction","target":{"@type":"EntryPoint","urlTemplate":"https:\/\/cityrenovation.be\/?s={search_term_string}"},"query-input":{"@type":"PropertyValueSpecification","valueRequired":true,"valueName":"search_term_string"}}],"inLanguage":"nl-NL"},{"@type":"Organization","@id":"https:\/\/cityrenovation.be\/#organization","name":"City R\u00e9novation","url":"https:\/\/cityrenovation.be\/","logo":{"@type":"ImageObject","inLanguage":"nl-NL","@id":"https:\/\/cityrenovation.be\/#\/schema\/logo\/image\/","url":"https:\/\/cityrenovation.be\/wp-content\/uploads\/2026\/02\/IMG_4643.jpeg","contentUrl":"https:\/\/cityrenovation.be\/wp-content\/uploads\/2026\/02\/IMG_4643.jpeg","width":2000,"height":2000,"caption":"City R\u00e9novation"},"image":{"@id":"https:\/\/cityrenovation.be\/#\/schema\/logo\/image\/"},"sameAs":["https:\/\/www.facebook.com\/profile.php?id=61588216913664"]}]}},"_links":{"self":[{"href":"https:\/\/cityrenovation.be\/nl\/wp-json\/wp\/v2\/pages\/172871","targetHints":{"allow":["GET"]}}],"collection":[{"href":"https:\/\/cityrenovation.be\/nl\/wp-json\/wp\/v2\/pages"}],"about":[{"href":"https:\/\/cityrenovation.be\/nl\/wp-json\/wp\/v2\/types\/page"}],"author":[{"embeddable":true,"href":"https:\/\/cityrenovation.be\/nl\/wp-json\/wp\/v2\/users\/1"}],"replies":[{"embeddable":true,"href":"https:\/\/cityrenovation.be\/nl\/wp-json\/wp\/v2\/comments?post=172871"}],"version-history":[{"count":5,"href":"https:\/\/cityrenovation.be\/nl\/wp-json\/wp\/v2\/pages\/172871\/revisions"}],"predecessor-version":[{"id":172876,"href":"https:\/\/cityrenovation.be\/nl\/wp-json\/wp\/v2\/pages\/172871\/revisions\/172876"}],"wp:attachment":[{"href":"https:\/\/cityrenovation.be\/nl\/wp-json\/wp\/v2\/media?parent=172871"}],"curies":[{"name":"wp","href":"https:\/\/api.w.org\/{rel}","templated":true}]}}