{"id":173288,"date":"2021-08-31T11:25:54","date_gmt":"2021-08-31T10:25:54","guid":{"rendered":"https:\/\/cityrenovation.be\/pvc-raamkozijnen\/"},"modified":"2026-03-17T14:47:55","modified_gmt":"2026-03-17T13:47:55","slug":"pvc-raamkozijnen","status":"publish","type":"page","link":"https:\/\/cityrenovation.be\/nl\/pvc-raamkozijnen\/","title":{"rendered":"PVC-raamkozijnen"},"content":{"rendered":"<div class=\"wpb-content-wrapper\"><p>[vc_row row_height_percent=&#8221;60&#8243; override_padding=&#8221;yes&#8221; h_padding=&#8221;2&#8243; top_padding=&#8221;3&#8243; bottom_padding=&#8221;3&#8243; back_image=&#8221;173140&#8243; back_position=&#8221;center bottom&#8221; parallax=&#8221;yes&#8221; kburns=&#8221;magnetic&#8221; overlay_color=&#8221;color-jevc&#8221; overlay_alpha=&#8221;41&#8243; gutter_size=&#8221;3&#8243; column_width_percent=&#8221;100&#8243; shift_y=&#8221;0&#8243; z_index=&#8221;0&#8243; top_divider=&#8221;gradient&#8221; css_animation=&#8221;scroll-trigger&#8221; animation_scale_val=&#8221;100&#8243; animation_opacity=&#8221;100&#8243; animation_x=&#8221;0&#8243; animation_y=&#8221;0&#8243; animation_blur=&#8221;0&#8243; animation_rotate=&#8221;0&#8243; animation_perspective=&#8221;0&#8243; animation_offset_top=&#8221;100&#8243; animation_offset_bottom=&#8221;0&#8243; content_parallax=&#8221;3&#8243; uncode_shortcode_id=&#8221;141765&#8243; overlay_color_type=&#8221;uncode-palette&#8221;][vc_column column_width_percent=&#8221;100&#8243; position_vertical=&#8221;middle&#8221; align_horizontal=&#8221;align_center&#8221; gutter_size=&#8221;2&#8243; style=&#8221;dark&#8221; overlay_alpha=&#8221;50&#8243; shift_x=&#8221;0&#8243; shift_y=&#8221;0&#8243; shift_y_down=&#8221;0&#8243; z_index=&#8221;0&#8243; medium_width=&#8221;0&#8243; mobile_width=&#8221;0&#8243; width=&#8221;1\/1&#8243; uncode_shortcode_id=&#8221;376035&#8243;][vc_empty_space][vc_custom_heading text_color=&#8221;color-xsdn&#8221; text_font=&#8221;font-102207&#8243; text_size=&#8221;fontsize-445851&#8243; text_weight=&#8221;600&#8243; uncode_shortcode_id=&#8221;177266&#8243; text_color_type=&#8221;uncode-palette&#8221;]PVC-raamkozijnen[\/vc_custom_heading][vc_empty_space empty_h=&#8221;2&#8243;][vc_button button_color=&#8221;accent&#8221; border_width=&#8221;0&#8243; link=&#8221;url:https%3A%2F%2Fcityrenovation.be%2Fnl%2Fcontact%2F|title:Contact|&#8221; button_color_type=&#8221;uncode-palette&#8221; uncode_shortcode_id=&#8221;536725&#8243;]Gratis offerte[\/vc_button][\/vc_column][\/vc_row][vc_row row_height_percent=&#8221;0&#8243; override_padding=&#8221;yes&#8221; h_padding=&#8221;3&#8243; top_padding=&#8221;3&#8243; bottom_padding=&#8221;3&#8243; back_color=&#8221;color-lxmt&#8221; overlay_alpha=&#8221;50&#8243; gutter_size=&#8221;4&#8243; column_width_percent=&#8221;100&#8243; shift_y=&#8221;0&#8243; z_index=&#8221;0&#8243; content_parallax=&#8221;0&#8243; uncode_shortcode_id=&#8221;634087&#8243; back_color_type=&#8221;uncode-palette&#8221;][vc_column column_width_percent=&#8221;100&#8243; gutter_size=&#8221;2&#8243; overlay_alpha=&#8221;50&#8243; shift_x=&#8221;0&#8243; shift_y=&#8221;0&#8243; shift_y_down=&#8221;0&#8243; z_index=&#8221;0&#8243; medium_width=&#8221;0&#8243; mobile_width=&#8221;0&#8243; width=&#8221;1\/1&#8243;][vc_row_inner][vc_column_inner column_width_percent=&#8221;100&#8243; position_vertical=&#8221;middle&#8221; gutter_size=&#8221;2&#8243; overlay_alpha=&#8221;50&#8243; shift_x=&#8221;0&#8243; shift_y=&#8221;0&#8243; shift_y_down=&#8221;0&#8243; z_index=&#8221;0&#8243; medium_width=&#8221;0&#8243; mobile_width=&#8221;0&#8243; width=&#8221;1\/2&#8243; uncode_shortcode_id=&#8221;103555&#8243;][vc_single_image media=&#8221;173237&#8243; media_width_percent=&#8221;22&#8243; uncode_shortcode_id=&#8221;320273&#8243;][vc_custom_heading text_color=&#8221;accent&#8221; heading_semantic=&#8221;h3&#8243; text_size=&#8221;h1&#8243; uncode_shortcode_id=&#8221;222739&#8243; text_color_type=&#8221;uncode-palette&#8221;]ThermoFibra &amp; Forthex[\/vc_custom_heading][vc_custom_heading text_color=&#8221;accent&#8221; heading_semantic=&#8221;h3&#8243; text_size=&#8221;h3&#8243; uncode_shortcode_id=&#8221;144473&#8243; text_color_type=&#8221;uncode-palette&#8221;]Het ultieme composietraam[\/vc_custom_heading][vc_empty_space empty_h=&#8221;2&#8243;][\/vc_column_inner][vc_column_inner column_width_percent=&#8221;100&#8243; position_vertical=&#8221;middle&#8221; gutter_size=&#8221;3&#8243; overlay_alpha=&#8221;50&#8243; shift_x=&#8221;0&#8243; shift_y=&#8221;0&#8243; shift_y_down=&#8221;0&#8243; z_index=&#8221;0&#8243; align_medium=&#8221;align_left_tablet&#8221; medium_width=&#8221;0&#8243; align_mobile=&#8221;align_left_mobile&#8221; mobile_width=&#8221;0&#8243; width=&#8221;1\/2&#8243; uncode_shortcode_id=&#8221;175461&#8243;][vc_column_text uncode_shortcode_id=&#8221;136368&#8243;]Als specialist in de fabricatie en installatie van gepantserde deuren in Brussel biedt City Renovation veiligheidsoplossingen op maat, geschikt voor zowel nieuwbouw als renovatieprojecten. Elke deur wordt ontworpen na een grondige analyse van de locatie om een perfecte integratie in de bestaande architectuur te garanderen. In tegenstelling tot nieuwbouw vereist renovatie een opmeting ter plaatse om stevigheid, esthetiek en prestaties te verzekeren. Onze gepantserde deuren combineren versterkte bescherming, thermische en akoestische isolatie en een harmonieus design.<\/p>\n<p>Omdat elke woning uniek is, bieden wij verschillende modellen en afwerkingen aan: volle deuren, halfbeglaasde deuren of houten afwerkingen zoals eik of beuk. Onze installaties voldoen aan de hoogste veiligheidsnormen en respecteren tegelijkertijd de stijl van uw huis of appartement. Met City Renovation kiest u voor een betrouwbare, duurzame en perfect op maat gemaakte gepantserde deur.[\/vc_column_text][\/vc_column_inner][\/vc_row_inner][vc_empty_space empty_h=&#8221;2&#8243;][vc_row_inner][vc_column_inner column_width_percent=&#8221;100&#8243; gutter_size=&#8221;3&#8243; overlay_alpha=&#8221;50&#8243; shift_x=&#8221;0&#8243; shift_y=&#8221;0&#8243; shift_y_down=&#8221;0&#8243; z_index=&#8221;0&#8243; medium_width=&#8221;4&#8243; mobile_width=&#8221;4&#8243; width=&#8221;1\/4&#8243;][vc_single_image media=&#8221;173283&#8243; media_width_percent=&#8221;100&#8243; media_ratio=&#8221;three-four&#8221; uncode_shortcode_id=&#8221;647260&#8243;][\/vc_column_inner][vc_column_inner column_width_percent=&#8221;100&#8243; gutter_size=&#8221;3&#8243; overlay_alpha=&#8221;50&#8243; shift_x=&#8221;0&#8243; shift_y=&#8221;0&#8243; shift_y_down=&#8221;0&#8243; z_index=&#8221;0&#8243; medium_width=&#8221;4&#8243; mobile_width=&#8221;4&#8243; width=&#8221;1\/4&#8243;][vc_single_image media=&#8221;173284&#8243; media_width_percent=&#8221;100&#8243; media_ratio=&#8221;three-four&#8221; uncode_shortcode_id=&#8221;346886&#8243;][\/vc_column_inner][vc_column_inner column_width_percent=&#8221;100&#8243; gutter_size=&#8221;3&#8243; overlay_alpha=&#8221;50&#8243; shift_x=&#8221;0&#8243; shift_y=&#8221;0&#8243; shift_y_down=&#8221;0&#8243; z_index=&#8221;0&#8243; medium_width=&#8221;4&#8243; mobile_width=&#8221;4&#8243; width=&#8221;1\/4&#8243;][vc_single_image media=&#8221;173285&#8243; media_width_percent=&#8221;100&#8243; media_ratio=&#8221;three-four&#8221; uncode_shortcode_id=&#8221;189099&#8243;][\/vc_column_inner][vc_column_inner column_width_percent=&#8221;100&#8243; gutter_size=&#8221;3&#8243; overlay_alpha=&#8221;50&#8243; shift_x=&#8221;0&#8243; shift_y=&#8221;0&#8243; shift_y_down=&#8221;0&#8243; z_index=&#8221;0&#8243; medium_width=&#8221;4&#8243; mobile_width=&#8221;4&#8243; width=&#8221;1\/4&#8243;][vc_single_image media=&#8221;173286&#8243; media_width_percent=&#8221;100&#8243; media_ratio=&#8221;three-four&#8221; uncode_shortcode_id=&#8221;470451&#8243;][\/vc_column_inner][\/vc_row_inner][\/vc_column][\/vc_row][vc_row row_height_percent=&#8221;0&#8243; override_padding=&#8221;yes&#8221; h_padding=&#8221;3&#8243; top_padding=&#8221;3&#8243; bottom_padding=&#8221;3&#8243; back_color=&#8221;color-213636&#8243; overlay_alpha=&#8221;50&#8243; gutter_size=&#8221;4&#8243; column_width_percent=&#8221;100&#8243; shift_y=&#8221;0&#8243; z_index=&#8221;0&#8243; content_parallax=&#8221;0&#8243; uncode_shortcode_id=&#8221;284513&#8243; back_color_type=&#8221;uncode-palette&#8221;][vc_column column_width_percent=&#8221;100&#8243; position_vertical=&#8221;middle&#8221; gutter_size=&#8221;3&#8243; overlay_alpha=&#8221;50&#8243; shift_x=&#8221;0&#8243; shift_y=&#8221;0&#8243; shift_y_down=&#8221;0&#8243; z_index=&#8221;0&#8243; medium_width=&#8221;4&#8243; mobile_width=&#8221;0&#8243; width=&#8221;6\/12&#8243; uncode_shortcode_id=&#8221;195068&#8243;][vc_single_image media=&#8221;173287&#8243; media_width_percent=&#8221;100&#8243; uncode_shortcode_id=&#8221;508733&#8243;][\/vc_column][vc_column column_width_percent=&#8221;100&#8243; position_horizontal=&#8221;left&#8221; position_vertical=&#8221;middle&#8221; gutter_size=&#8221;3&#8243; style=&#8221;dark&#8221; overlay_alpha=&#8221;50&#8243; shift_x=&#8221;0&#8243; shift_y=&#8221;0&#8243; shift_y_down=&#8221;0&#8243; z_index=&#8221;0&#8243; medium_width=&#8221;4&#8243; align_mobile=&#8221;align_center_mobile&#8221; mobile_width=&#8221;0&#8243; width=&#8221;6\/12&#8243; uncode_shortcode_id=&#8221;114775&#8243;][vc_custom_heading text_color=&#8221;color-210407&#8243; text_size=&#8221;fontsize-155944&#8243; css_animation=&#8221;curtain&#8221; uncode_shortcode_id=&#8221;247835&#8243; text_color_type=&#8221;uncode-palette&#8221;]ThermoFibra-technologie[\/vc_custom_heading][vc_column_text css_animation=&#8221;zoom-in&#8221; uncode_shortcode_id=&#8221;126961&#8243;]De nieuwe Elegant-serie volgt het succesvolle concept en het nieuwe deurblad Infinity is ook beschikbaar in ThermoFibra-uitvoering. In combinatie met de versterkte kozijnen Forthex is Elegant ThermoFibra de enige raam- en deuroplossing zonder staal op de markt die volledig functioneel is.<\/p>\n<p>Thermische versterking Forthex<\/p>\n<p>Voor het kozijn is gekozen voor een thermische versterking van harde PVC-schuim, versterkt met een stalen draad, om ook hier de isolatiewaarden te verbeteren. Deze Forthex-versterkingen zijn aanzienlijk lichter en gemakkelijker te verwerken, wat bijdraagt aan het comfort van zowel de raamfabrikant als de installateur.[\/vc_column_text][\/vc_column][\/vc_row][vc_row row_height_percent=&#8221;0&#8243; override_padding=&#8221;yes&#8221; h_padding=&#8221;2&#8243; top_padding=&#8221;3&#8243; bottom_padding=&#8221;3&#8243; overlay_alpha=&#8221;50&#8243; gutter_size=&#8221;3&#8243; column_width_percent=&#8221;100&#8243; shift_y=&#8221;0&#8243; z_index=&#8221;0&#8243; content_parallax=&#8221;0&#8243; uncode_shortcode_id=&#8221;110902&#8243;][vc_column width=&#8221;1\/1&#8243;][vc_raw_html]PGRpdiBzdHlsZT0icG9zaXRpb246IHJlbGF0aXZlOyBwYWRkaW5nLWJvdHRvbTogNTYuMjUlOyBoZWlnaHQ6IDA7IG92ZXJmbG93OiBoaWRkZW47IG1heC13aWR0aDogMTAwJTsiPg0KICA8aWZyYW1lIA0KICAgIHNyYz0iaHR0cHM6Ly93d3cueW91dHViZS5jb20vZW1iZWQvVDJZZWlySnkyc2ciIA0KICAgIHRpdGxlPSJZb3VUdWJlIHZpZGVvIiANCiAgICBmcmFtZWJvcmRlcj0iMCIgDQogICAgYWxsb3c9ImFjY2VsZXJvbWV0ZXI7IGF1dG9wbGF5OyBjbGlwYm9hcmQtd3JpdGU7IGVuY3J5cHRlZC1tZWRpYTsgZ3lyb3Njb3BlOyBwaWN0dXJlLWluLXBpY3R1cmUiIA0KICAgIGFsbG93ZnVsbHNjcmVlbg0KICAgIHN0eWxlPSJwb3NpdGlvbjogYWJzb2x1dGU7IHRvcDogMDsgbGVmdDogMDsgd2lkdGg6IDEwMCU7IGhlaWdodDogMTAwJTsiPg0KICA8L2lmcmFtZT4NCjwvZGl2Pg==[\/vc_raw_html][\/vc_column][\/vc_row][vc_section back_color=&#8221;color-xsdn&#8221; overlay_alpha=&#8221;50&#8243; content_parallax=&#8221;0&#8243; uncode_shortcode_id=&#8221;196742&#8243; back_color_type=&#8221;uncode-palette&#8221;][vc_row row_height_percent=&#8221;0&#8243; override_padding=&#8221;yes&#8221; h_padding=&#8221;2&#8243; top_padding=&#8221;4&#8243; bottom_padding=&#8221;4&#8243; back_color=&#8221;color-wayh&#8221; back_image=&#8221;173145&#8243; overlay_color=&#8221;color-jevc&#8221; overlay_alpha=&#8221;40&#8243; gutter_size=&#8221;3&#8243; column_width_percent=&#8221;100&#8243; shift_y=&#8221;0&#8243; z_index=&#8221;0&#8243; css_animation=&#8221;scroll-trigger&#8221; animation_target=&#8221;mask&#8221; animation_mask_val=&#8221;85&#8243; animation_opacity=&#8221;100&#8243; animation_blur=&#8221;0&#8243; animation_offset_top=&#8221;100&#8243; animation_offset_bottom=&#8221;85&#8243; content_parallax=&#8221;0&#8243; uncode_shortcode_id=&#8221;838307&#8243; back_color_type=&#8221;uncode-palette&#8221; animation_radius=&#8221;3vw&#8221; overlay_color_type=&#8221;uncode-palette&#8221;][vc_column column_width_percent=&#8221;80&#8243; position_vertical=&#8221;middle&#8221; align_horizontal=&#8221;align_center&#8221; gutter_size=&#8221;3&#8243; style=&#8221;dark&#8221; overlay_alpha=&#8221;50&#8243; shift_x=&#8221;0&#8243; shift_y=&#8221;0&#8243; shift_y_down=&#8221;0&#8243; z_index=&#8221;0&#8243; medium_width=&#8221;0&#8243; mobile_width=&#8221;0&#8243; width=&#8221;1\/1&#8243; uncode_shortcode_id=&#8221;105701&#8243;][vc_custom_heading heading_semantic=&#8221;h6&#8243; text_size=&#8221;fontsize-160000&#8243; text_transform=&#8221;uppercase&#8221; text_space=&#8221;fontspace-210350&#8243; uncode_shortcode_id=&#8221;142210&#8243;]City R\u00e9novation[\/vc_custom_heading][vc_custom_heading heading_semantic=&#8221;h3&#8243; text_size=&#8221;fontsize-155944&#8243; uncode_shortcode_id=&#8221;195032&#8243;]Gratis Offerte[\/vc_custom_heading][vc_column_text text_lead=&#8221;yes&#8221; uncode_shortcode_id=&#8221;735854&#8243;]Neem contact met ons op via e-mail, social media via onze online chat. We nemen zo snel mogelijk contact met je op om een afspraak in te plannen voor je project.[\/vc_column_text][vc_empty_space empty_h=&#8221;2&#8243;][vc_button button_color=&#8221;color-210407&#8243; border_width=&#8221;0&#8243; display=&#8221;inline&#8221; link=&#8221;url:https%3A%2F%2Fcityrenovation.be%2Fnl%2Fcontact%2F|title:Contact|&#8221; button_color_type=&#8221;uncode-palette&#8221; uncode_shortcode_id=&#8221;161474&#8243;]Contact[\/vc_button][vc_button button_color=&#8221;accent&#8221; border_width=&#8221;0&#8243; display=&#8221;inline&#8221; link=&#8221;url:mailto%3Ainfo%40cityrenovation.be|&#8221; button_color_type=&#8221;uncode-palette&#8221; uncode_shortcode_id=&#8221;189729&#8243;]info@cityrenovation.be[\/vc_button][\/vc_column][\/vc_row][\/vc_section]<\/p>\n<\/div>","protected":false},"excerpt":{"rendered":"<p>[vc_row row_height_percent=&#8221;60&#8243; override_padding=&#8221;yes&#8221; h_padding=&#8221;2&#8243; top_padding=&#8221;3&#8243; bottom_padding=&#8221;3&#8243; back_image=&#8221;173140&#8243; back_position=&#8221;center bottom&#8221; parallax=&#8221;yes&#8221; kburns=&#8221;magnetic&#8221; overlay_color=&#8221;color-jevc&#8221; overlay_alpha=&#8221;41&#8243; gutter_size=&#8221;3&#8243; column_width_percent=&#8221;100&#8243; shift_y=&#8221;0&#8243; z_index=&#8221;0&#8243; top_divider=&#8221;gradient&#8221; css_animation=&#8221;scroll-trigger&#8221; animation_scale_val=&#8221;100&#8243; [&hellip;]<\/p>\n","protected":false},"author":1,"featured_media":0,"parent":0,"menu_order":0,"comment_status":"closed","ping_status":"closed","template":"","meta":{"footnotes":""},"class_list":["post-173288","page","type-page","status-publish","hentry"],"yoast_head":"<!-- This site is optimized with the Yoast SEO plugin v27.3 - https:\/\/yoast.com\/product\/yoast-seo-wordpress\/ -->\n<title>PVC-raamkozijnen - City R\u00e9novation<\/title>\n<meta name=\"robots\" content=\"index, follow, max-snippet:-1, max-image-preview:large, max-video-preview:-1\" \/>\n<link rel=\"canonical\" href=\"https:\/\/cityrenovation.be\/nl\/pvc-raamkozijnen\/\" \/>\n<meta property=\"og:locale\" content=\"nl_NL\" \/>\n<meta property=\"og:type\" content=\"article\" \/>\n<meta property=\"og:title\" content=\"PVC-raamkozijnen - City R\u00e9novation\" \/>\n<meta property=\"og:description\" content=\"[vc_row row_height_percent=&#8221;60&#8243; override_padding=&#8221;yes&#8221; h_padding=&#8221;2&#8243; top_padding=&#8221;3&#8243; bottom_padding=&#8221;3&#8243; back_image=&#8221;173140&#8243; back_position=&#8221;center bottom&#8221; parallax=&#8221;yes&#8221; kburns=&#8221;magnetic&#8221; overlay_color=&#8221;color-jevc&#8221; overlay_alpha=&#8221;41&#8243; gutter_size=&#8221;3&#8243; column_width_percent=&#8221;100&#8243; shift_y=&#8221;0&#8243; z_index=&#8221;0&#8243; top_divider=&#8221;gradient&#8221; css_animation=&#8221;scroll-trigger&#8221; animation_scale_val=&#8221;100&#8243; [&hellip;]\" \/>\n<meta property=\"og:url\" content=\"https:\/\/cityrenovation.be\/nl\/pvc-raamkozijnen\/\" \/>\n<meta property=\"og:site_name\" content=\"City R\u00e9novation\" \/>\n<meta property=\"article:publisher\" content=\"https:\/\/www.facebook.com\/profile.php?id=61588216913664\" \/>\n<meta property=\"article:modified_time\" content=\"2026-03-17T13:47:55+00:00\" \/>\n<meta name=\"twitter:card\" content=\"summary_large_image\" \/>\n<meta name=\"twitter:label1\" content=\"Geschatte leestijd\" \/>\n\t<meta name=\"twitter:data1\" content=\"7 minuten\" \/>\n<script type=\"application\/ld+json\" class=\"yoast-schema-graph\">{\"@context\":\"https:\\\/\\\/schema.org\",\"@graph\":[{\"@type\":\"WebPage\",\"@id\":\"https:\\\/\\\/cityrenovation.be\\\/nl\\\/pvc-raamkozijnen\\\/\",\"url\":\"https:\\\/\\\/cityrenovation.be\\\/nl\\\/pvc-raamkozijnen\\\/\",\"name\":\"PVC-raamkozijnen - City R\u00e9novation\",\"isPartOf\":{\"@id\":\"https:\\\/\\\/cityrenovation.be\\\/#website\"},\"datePublished\":\"2021-08-31T10:25:54+00:00\",\"dateModified\":\"2026-03-17T13:47:55+00:00\",\"breadcrumb\":{\"@id\":\"https:\\\/\\\/cityrenovation.be\\\/nl\\\/pvc-raamkozijnen\\\/#breadcrumb\"},\"inLanguage\":\"nl-NL\",\"potentialAction\":[{\"@type\":\"ReadAction\",\"target\":[\"https:\\\/\\\/cityrenovation.be\\\/nl\\\/pvc-raamkozijnen\\\/\"]}]},{\"@type\":\"BreadcrumbList\",\"@id\":\"https:\\\/\\\/cityrenovation.be\\\/nl\\\/pvc-raamkozijnen\\\/#breadcrumb\",\"itemListElement\":[{\"@type\":\"ListItem\",\"position\":1,\"name\":\"Accueil\",\"item\":\"https:\\\/\\\/cityrenovation.be\\\/nl\\\/\"},{\"@type\":\"ListItem\",\"position\":2,\"name\":\"PVC-raamkozijnen\"}]},{\"@type\":\"WebSite\",\"@id\":\"https:\\\/\\\/cityrenovation.be\\\/#website\",\"url\":\"https:\\\/\\\/cityrenovation.be\\\/\",\"name\":\"City R\u00e9novation\",\"description\":\"Entreprise g\u00e9n\u00e9rale du b\u00e2timent\",\"publisher\":{\"@id\":\"https:\\\/\\\/cityrenovation.be\\\/#organization\"},\"potentialAction\":[{\"@type\":\"SearchAction\",\"target\":{\"@type\":\"EntryPoint\",\"urlTemplate\":\"https:\\\/\\\/cityrenovation.be\\\/?s={search_term_string}\"},\"query-input\":{\"@type\":\"PropertyValueSpecification\",\"valueRequired\":true,\"valueName\":\"search_term_string\"}}],\"inLanguage\":\"nl-NL\"},{\"@type\":\"Organization\",\"@id\":\"https:\\\/\\\/cityrenovation.be\\\/#organization\",\"name\":\"City R\u00e9novation\",\"url\":\"https:\\\/\\\/cityrenovation.be\\\/\",\"logo\":{\"@type\":\"ImageObject\",\"inLanguage\":\"nl-NL\",\"@id\":\"https:\\\/\\\/cityrenovation.be\\\/#\\\/schema\\\/logo\\\/image\\\/\",\"url\":\"https:\\\/\\\/cityrenovation.be\\\/wp-content\\\/uploads\\\/2026\\\/02\\\/IMG_4643.jpeg\",\"contentUrl\":\"https:\\\/\\\/cityrenovation.be\\\/wp-content\\\/uploads\\\/2026\\\/02\\\/IMG_4643.jpeg\",\"width\":2000,\"height\":2000,\"caption\":\"City R\u00e9novation\"},\"image\":{\"@id\":\"https:\\\/\\\/cityrenovation.be\\\/#\\\/schema\\\/logo\\\/image\\\/\"},\"sameAs\":[\"https:\\\/\\\/www.facebook.com\\\/profile.php?id=61588216913664\"]}]}<\/script>\n<!-- \/ Yoast SEO plugin. -->","yoast_head_json":{"title":"PVC-raamkozijnen - City R\u00e9novation","robots":{"index":"index","follow":"follow","max-snippet":"max-snippet:-1","max-image-preview":"max-image-preview:large","max-video-preview":"max-video-preview:-1"},"canonical":"https:\/\/cityrenovation.be\/nl\/pvc-raamkozijnen\/","og_locale":"nl_NL","og_type":"article","og_title":"PVC-raamkozijnen - City R\u00e9novation","og_description":"[vc_row row_height_percent=&#8221;60&#8243; override_padding=&#8221;yes&#8221; h_padding=&#8221;2&#8243; top_padding=&#8221;3&#8243; bottom_padding=&#8221;3&#8243; back_image=&#8221;173140&#8243; back_position=&#8221;center bottom&#8221; parallax=&#8221;yes&#8221; kburns=&#8221;magnetic&#8221; overlay_color=&#8221;color-jevc&#8221; overlay_alpha=&#8221;41&#8243; gutter_size=&#8221;3&#8243; column_width_percent=&#8221;100&#8243; shift_y=&#8221;0&#8243; z_index=&#8221;0&#8243; top_divider=&#8221;gradient&#8221; css_animation=&#8221;scroll-trigger&#8221; animation_scale_val=&#8221;100&#8243; [&hellip;]","og_url":"https:\/\/cityrenovation.be\/nl\/pvc-raamkozijnen\/","og_site_name":"City R\u00e9novation","article_publisher":"https:\/\/www.facebook.com\/profile.php?id=61588216913664","article_modified_time":"2026-03-17T13:47:55+00:00","twitter_card":"summary_large_image","twitter_misc":{"Geschatte leestijd":"7 minuten"},"schema":{"@context":"https:\/\/schema.org","@graph":[{"@type":"WebPage","@id":"https:\/\/cityrenovation.be\/nl\/pvc-raamkozijnen\/","url":"https:\/\/cityrenovation.be\/nl\/pvc-raamkozijnen\/","name":"PVC-raamkozijnen - City R\u00e9novation","isPartOf":{"@id":"https:\/\/cityrenovation.be\/#website"},"datePublished":"2021-08-31T10:25:54+00:00","dateModified":"2026-03-17T13:47:55+00:00","breadcrumb":{"@id":"https:\/\/cityrenovation.be\/nl\/pvc-raamkozijnen\/#breadcrumb"},"inLanguage":"nl-NL","potentialAction":[{"@type":"ReadAction","target":["https:\/\/cityrenovation.be\/nl\/pvc-raamkozijnen\/"]}]},{"@type":"BreadcrumbList","@id":"https:\/\/cityrenovation.be\/nl\/pvc-raamkozijnen\/#breadcrumb","itemListElement":[{"@type":"ListItem","position":1,"name":"Accueil","item":"https:\/\/cityrenovation.be\/nl\/"},{"@type":"ListItem","position":2,"name":"PVC-raamkozijnen"}]},{"@type":"WebSite","@id":"https:\/\/cityrenovation.be\/#website","url":"https:\/\/cityrenovation.be\/","name":"City R\u00e9novation","description":"Entreprise g\u00e9n\u00e9rale du b\u00e2timent","publisher":{"@id":"https:\/\/cityrenovation.be\/#organization"},"potentialAction":[{"@type":"SearchAction","target":{"@type":"EntryPoint","urlTemplate":"https:\/\/cityrenovation.be\/?s={search_term_string}"},"query-input":{"@type":"PropertyValueSpecification","valueRequired":true,"valueName":"search_term_string"}}],"inLanguage":"nl-NL"},{"@type":"Organization","@id":"https:\/\/cityrenovation.be\/#organization","name":"City R\u00e9novation","url":"https:\/\/cityrenovation.be\/","logo":{"@type":"ImageObject","inLanguage":"nl-NL","@id":"https:\/\/cityrenovation.be\/#\/schema\/logo\/image\/","url":"https:\/\/cityrenovation.be\/wp-content\/uploads\/2026\/02\/IMG_4643.jpeg","contentUrl":"https:\/\/cityrenovation.be\/wp-content\/uploads\/2026\/02\/IMG_4643.jpeg","width":2000,"height":2000,"caption":"City R\u00e9novation"},"image":{"@id":"https:\/\/cityrenovation.be\/#\/schema\/logo\/image\/"},"sameAs":["https:\/\/www.facebook.com\/profile.php?id=61588216913664"]}]}},"_links":{"self":[{"href":"https:\/\/cityrenovation.be\/nl\/wp-json\/wp\/v2\/pages\/173288","targetHints":{"allow":["GET"]}}],"collection":[{"href":"https:\/\/cityrenovation.be\/nl\/wp-json\/wp\/v2\/pages"}],"about":[{"href":"https:\/\/cityrenovation.be\/nl\/wp-json\/wp\/v2\/types\/page"}],"author":[{"embeddable":true,"href":"https:\/\/cityrenovation.be\/nl\/wp-json\/wp\/v2\/users\/1"}],"replies":[{"embeddable":true,"href":"https:\/\/cityrenovation.be\/nl\/wp-json\/wp\/v2\/comments?post=173288"}],"version-history":[{"count":11,"href":"https:\/\/cityrenovation.be\/nl\/wp-json\/wp\/v2\/pages\/173288\/revisions"}],"predecessor-version":[{"id":173299,"href":"https:\/\/cityrenovation.be\/nl\/wp-json\/wp\/v2\/pages\/173288\/revisions\/173299"}],"wp:attachment":[{"href":"https:\/\/cityrenovation.be\/nl\/wp-json\/wp\/v2\/media?parent=173288"}],"curies":[{"name":"wp","href":"https:\/\/api.w.org\/{rel}","templated":true}]}}